{"id":7227,"date":"2025-11-01T14:16:31","date_gmt":"2025-11-01T14:16:31","guid":{"rendered":"https:\/\/valencia.rcater.es\/product\/bandeja-24-bolleria-salada-trio-de-croissants-queso-york-sobrasada-frankfurt\/"},"modified":"2025-11-05T13:36:46","modified_gmt":"2025-11-05T13:36:46","slug":"bandeja-24-bolleria-salada-trio-de-croissants-queso-york-sobrasada-frankfurt","status":"publish","type":"product","link":"https:\/\/valencia.rcater.es\/en\/product\/bandeja-24-bolleria-salada-trio-de-croissants-queso-york-sobrasada-frankfurt\/","title":{"rendered":"Bandeja 24 Boller\u00eda Salada \u00abTr\u00edo de Croissants\u00bb \u2014 Queso &#038; York \/ Sobrasada \/ Frankfurt"},"content":{"rendered":"<p>Una bandeja salada en formato mini, perfecta para desayunos de empresa, coffee breaks y afterworks. Preparada a diario en nuestro obrador de Valencia.<\/p>\n<ul>\n<li><strong>8 Mini Croissants Queso &amp; York<\/strong>: queso y jam\u00f3n york.<\/li>\n<li><strong>8 Mini Croissants Sobrasada<\/strong>: sobrasada con su punto especiado.<\/li>\n<li><strong>8 Mini Croissants Frankfurt<\/strong>: frankfurt cl\u00e1sico.<\/li>\n<\/ul>\n<p><strong>Al\u00e9rgenos (UE 1169\/2011):<\/strong> contiene gluten, huevo y leche.<\/p>\n<p><em>Pedidos web de lunes a viernes; para fines de semana, cons\u00faltanos. Antelaci\u00f3n m\u00ednima 48\u00a0h.<\/em><\/p>\n<ul>\n<li>Hojaldre tierno y mantecoso en tama\u00f1o de bocado.<\/li>\n<li>Tres sabores para contentar a todo el equipo.<\/li>\n<li>Listos para abrir y servir en 2 minutos.<\/li>\n<li>Entrega puntual en Valencia ciudad.<\/li>\n<\/ul>","protected":false},"excerpt":{"rendered":"<p>Veinticuatro mini croissants salados: 8 de queso y york, 8 de sobrasada y 8 de frankfurt. Hechos cada ma\u00f1ana en Valencia.<\/p>","protected":false},"featured_media":7237,"template":"","meta":{"site-sidebar-layout":"default","site-content-layout":"","ast-site-content-layout":"default","site-content-style":"default","site-sidebar-style":"default","ast-global-header-display":"","ast-banner-title-visibility":"","ast-main-header-display":"","ast-hfb-above-header-display":"","ast-hfb-below-header-display":"","ast-hfb-mobile-header-display":"","site-post-title":"","ast-breadcrumbs-content":"","ast-featured-img":"","footer-sml-layout":"","theme-transparent-header-meta":"default","adv-header-id-meta":"","stick-header-meta":"","header-above-stick-meta":"","header-main-stick-meta":"","header-below-stick-meta":"","astra-migrate-meta-layouts":"set","ast-page-background-enabled":"default","ast-page-background-meta":{"desktop":{"background-color":"","background-image":"","background-repeat":"repeat","background-position":"center center","background-size":"auto","background-attachment":"scroll","background-type":"","background-media":"","overlay-type":"","overlay-color":"","overlay-opacity":"","overlay-gradient":""},"tablet":{"background-color":"","background-image":"","background-repeat":"repeat","background-position":"center center","background-size":"auto","background-attachment":"scroll","background-type":"","background-media":"","overlay-type":"","overlay-color":"","overlay-opacity":"","overlay-gradient":""},"mobile":{"background-color":"","background-image":"","background-repeat":"repeat","background-position":"center center","background-size":"auto","background-attachment":"scroll","background-type":"","background-media":"","overlay-type":"","overlay-color":"","overlay-opacity":"","overlay-gradient":""}},"ast-content-background-meta":{"desktop":{"background-color":"var(--ast-global-color-5)","background-image":"","background-repeat":"repeat","background-position":"center center","background-size":"auto","background-attachment":"scroll","background-type":"","background-media":"","overlay-type":"","overlay-color":"","overlay-opacity":"","overlay-gradient":""},"tablet":{"background-color":"var(--ast-global-color-5)","background-image":"","background-repeat":"repeat","background-position":"center center","background-size":"auto","background-attachment":"scroll","background-type":"","background-media":"","overlay-type":"","overlay-color":"","overlay-opacity":"","overlay-gradient":""},"mobile":{"background-color":"var(--ast-global-color-5)","background-image":"","background-repeat":"repeat","background-position":"center center","background-size":"auto","background-attachment":"scroll","background-type":"","background-media":"","overlay-type":"","overlay-color":"","overlay-opacity":"","overlay-gradient":""}}},"product_brand":[],"product_cat":[89,331],"product_tag":[343],"class_list":{"0":"post-7227","1":"product","2":"type-product","3":"status-publish","4":"has-post-thumbnail","6":"product_cat-bandejas-picoteo","7":"product_cat-horneados-salados","8":"product_tag-con-jamon-queso","9":"desktop-align-left","10":"tablet-align-left","11":"mobile-align-left","13":"first","14":"instock","15":"purchasable","16":"product-type-simple"},"_links":{"self":[{"href":"https:\/\/valencia.rcater.es\/en\/wp-json\/wp\/v2\/product\/7227","targetHints":{"allow":["GET"]}}],"collection":[{"href":"https:\/\/valencia.rcater.es\/en\/wp-json\/wp\/v2\/product"}],"about":[{"href":"https:\/\/valencia.rcater.es\/en\/wp-json\/wp\/v2\/types\/product"}],"version-history":[{"count":4,"href":"https:\/\/valencia.rcater.es\/en\/wp-json\/wp\/v2\/product\/7227\/revisions"}],"predecessor-version":[{"id":7664,"href":"https:\/\/valencia.rcater.es\/en\/wp-json\/wp\/v2\/product\/7227\/revisions\/7664"}],"wp:featuredmedia":[{"embeddable":true,"href":"https:\/\/valencia.rcater.es\/en\/wp-json\/wp\/v2\/media\/7237"}],"wp:attachment":[{"href":"https:\/\/valencia.rcater.es\/en\/wp-json\/wp\/v2\/media?parent=7227"}],"wp:term":[{"taxonomy":"product_brand","embeddable":true,"href":"https:\/\/valencia.rcater.es\/en\/wp-json\/wp\/v2\/product_brand?post=7227"},{"taxonomy":"product_cat","embeddable":true,"href":"https:\/\/valencia.rcater.es\/en\/wp-json\/wp\/v2\/product_cat?post=7227"},{"taxonomy":"product_tag","embeddable":true,"href":"https:\/\/valencia.rcater.es\/en\/wp-json\/wp\/v2\/product_tag?post=7227"}],"curies":[{"name":"wp","href":"https:\/\/api.w.org\/{rel}","templated":true}]}}