{"id":7313,"date":"2025-11-01T18:31:55","date_gmt":"2025-11-01T18:31:55","guid":{"rendered":"https:\/\/valencia.rcater.es\/product\/pack-salado-oficina-madrid-10-pers-36-minis-2-termos-cafe-y-leche\/"},"modified":"2025-11-08T16:46:19","modified_gmt":"2025-11-08T16:46:19","slug":"pack-salado-oficina-madrid-10-pers-36-minis-2-termos-cafe-y-leche","status":"publish","type":"product","link":"https:\/\/valencia.rcater.es\/en\/product\/pack-salado-oficina-madrid-10-pers-36-minis-2-termos-cafe-y-leche\/","title":{"rendered":"Pack Salado Oficina Valencia (10 pers.) \u2014 36 minis + 2 termos (caf\u00e9 y leche)"},"content":{"rendered":"<p>Pack salado pensado para pausas de trabajo en Valencia. Un combo completo con mini bocadillos variados y dos termos desechables para servir al momento, sin complicaciones.<\/p>\n<ul>\n<li>1 bandeja con 12 mini brioches de tortilla de patatas.<\/li>\n<li>1 bandeja con 12 mini barritas de jam\u00f3n ib\u00e9rico.<\/li>\n<li>1 bandeja con 12 mini s\u00e1ndwiches de pollo.<\/li>\n<li>1 termo de caf\u00e9 (10 personas) y 1 termo de leche (10 personas).<\/li>\n<li>Incluye vasos, servilletas y az\u00facares (sacarina, moreno, blanco).<\/li>\n<\/ul>\n<p><strong>Log\u00edstica Valencia:<\/strong> pedidos web L\u2013V (Valencia). Entrega con 24\u00a0h de antelaci\u00f3n. Material de un solo uso incluido.<\/p>\n<p><strong>Al\u00e9rgenos (UE 1169\/2011):<\/strong> gluten, huevo, leche. <em>Puede contener<\/em> s\u00e9samo y frutos secos (trazas).<\/p>\n<p><strong>Conservaci\u00f3n y servicio:<\/strong> conservar refrigerado (0\u20134\u00a0\u00b0C) y consumir en el d\u00eda; los termos deben consumirse en 2\u20133\u00a0h.<\/p>","protected":false},"excerpt":{"rendered":"<p>Combo salado para 10 en Valencia: 36 mini bocadillos surtidos (3 bandejas de 12) y 2 termos de un solo uso (caf\u00e9 y leche). Ideal para coffee breaks y reuniones. Llega listo para servir con vasos, servilletas y az\u00facares. Antelaci\u00f3n m\u00ednima 24 h.<\/p>","protected":false},"featured_media":7321,"template":"","meta":{"site-sidebar-layout":"default","site-content-layout":"","ast-site-content-layout":"default","site-content-style":"default","site-sidebar-style":"default","ast-global-header-display":"","ast-banner-title-visibility":"","ast-main-header-display":"","ast-hfb-above-header-display":"","ast-hfb-below-header-display":"","ast-hfb-mobile-header-display":"","site-post-title":"","ast-breadcrumbs-content":"","ast-featured-img":"","footer-sml-layout":"","theme-transparent-header-meta":"default","adv-header-id-meta":"","stick-header-meta":"","header-above-stick-meta":"","header-main-stick-meta":"","header-below-stick-meta":"","astra-migrate-meta-layouts":"set","ast-page-background-enabled":"default","ast-page-background-meta":{"desktop":{"background-color":"","background-image":"","background-repeat":"repeat","background-position":"center center","background-size":"auto","background-attachment":"scroll","background-type":"","background-media":"","overlay-type":"","overlay-color":"","overlay-opacity":"","overlay-gradient":""},"tablet":{"background-color":"","background-image":"","background-repeat":"repeat","background-position":"center center","background-size":"auto","background-attachment":"scroll","background-type":"","background-media":"","overlay-type":"","overlay-color":"","overlay-opacity":"","overlay-gradient":""},"mobile":{"background-color":"","background-image":"","background-repeat":"repeat","background-position":"center center","background-size":"auto","background-attachment":"scroll","background-type":"","background-media":"","overlay-type":"","overlay-color":"","overlay-opacity":"","overlay-gradient":""}},"ast-content-background-meta":{"desktop":{"background-color":"var(--ast-global-color-5)","background-image":"","background-repeat":"repeat","background-position":"center center","background-size":"auto","background-attachment":"scroll","background-type":"","background-media":"","overlay-type":"","overlay-color":"","overlay-opacity":"","overlay-gradient":""},"tablet":{"background-color":"var(--ast-global-color-5)","background-image":"","background-repeat":"repeat","background-position":"center center","background-size":"auto","background-attachment":"scroll","background-type":"","background-media":"","overlay-type":"","overlay-color":"","overlay-opacity":"","overlay-gradient":""},"mobile":{"background-color":"var(--ast-global-color-5)","background-image":"","background-repeat":"repeat","background-position":"center center","background-size":"auto","background-attachment":"scroll","background-type":"","background-media":"","overlay-type":"","overlay-color":"","overlay-opacity":"","overlay-gradient":""}}},"product_brand":[],"product_cat":[89,325,331,328,330,285],"product_tag":[201],"class_list":{"0":"post-7313","1":"product","2":"type-product","3":"status-publish","4":"has-post-thumbnail","6":"product_cat-bandejas-picoteo","7":"product_cat-bocadillos-sandwiches","8":"product_cat-horneados-salados","9":"product_cat-packs-para-grupos","10":"product_cat-bebidas-2","11":"product_cat-desayunos-brunch","12":"product_tag-coffee-break","13":"desktop-align-left","14":"tablet-align-left","15":"mobile-align-left","17":"first","18":"instock","19":"featured","20":"purchasable","21":"product-type-simple"},"_links":{"self":[{"href":"https:\/\/valencia.rcater.es\/en\/wp-json\/wp\/v2\/product\/7313","targetHints":{"allow":["GET"]}}],"collection":[{"href":"https:\/\/valencia.rcater.es\/en\/wp-json\/wp\/v2\/product"}],"about":[{"href":"https:\/\/valencia.rcater.es\/en\/wp-json\/wp\/v2\/types\/product"}],"version-history":[{"count":2,"href":"https:\/\/valencia.rcater.es\/en\/wp-json\/wp\/v2\/product\/7313\/revisions"}],"predecessor-version":[{"id":7322,"href":"https:\/\/valencia.rcater.es\/en\/wp-json\/wp\/v2\/product\/7313\/revisions\/7322"}],"wp:featuredmedia":[{"embeddable":true,"href":"https:\/\/valencia.rcater.es\/en\/wp-json\/wp\/v2\/media\/7321"}],"wp:attachment":[{"href":"https:\/\/valencia.rcater.es\/en\/wp-json\/wp\/v2\/media?parent=7313"}],"wp:term":[{"taxonomy":"product_brand","embeddable":true,"href":"https:\/\/valencia.rcater.es\/en\/wp-json\/wp\/v2\/product_brand?post=7313"},{"taxonomy":"product_cat","embeddable":true,"href":"https:\/\/valencia.rcater.es\/en\/wp-json\/wp\/v2\/product_cat?post=7313"},{"taxonomy":"product_tag","embeddable":true,"href":"https:\/\/valencia.rcater.es\/en\/wp-json\/wp\/v2\/product_tag?post=7313"}],"curies":[{"name":"wp","href":"https:\/\/api.w.org\/{rel}","templated":true}]}}