{"id":7342,"date":"2025-11-02T11:05:00","date_gmt":"2025-11-02T11:05:00","guid":{"rendered":"https:\/\/valencia.rcater.es\/product\/combo-fiesta-familiar-pan-de-cristal-tortilla-mini-bocadillos-ibericos-y-croquetas\/"},"modified":"2025-11-08T16:46:41","modified_gmt":"2025-11-08T16:46:41","slug":"combo-fiesta-familiar-pan-de-cristal-tortilla-mini-bocadillos-ibericos-y-croquetas","status":"publish","type":"product","link":"https:\/\/valencia.rcater.es\/en\/product\/combo-fiesta-familiar-pan-de-cristal-tortilla-mini-bocadillos-ibericos-y-croquetas\/","title":{"rendered":"Combo Family Party - glass bread + omelette, mini Iberian sandwiches and croquettes"},"content":{"rendered":"<p>Un combo pensado para celebraciones en casa: f\u00e1cil de servir, sabroso y sin complicaciones.<\/p>\n<ul>\n<li>1 bandeja de pan de cristal untado de tomate con tortilla de patatas.<\/li>\n<li>1 bandeja de 12 mini bocadillos de jam\u00f3n ib\u00e9rico.<\/li>\n<li>1 bandeja de 12 croquetas variadas (jam\u00f3n y cocido).<\/li>\n<\/ul>\n<p><strong>Log\u00edstica:<\/strong> pedidos web L\u2013V. Entrega con 24\u00a0h de antelaci\u00f3n. Material desechable incluido.<\/p>\n<p><strong>Al\u00e9rgenos (UE 1169\/2011):<\/strong> gluten, huevo, leche. <em>Puede contener<\/em> frutos secos, soja y s\u00e9samo (trazas).<\/p>\n<p><strong>Conservaci\u00f3n y servicio:<\/strong> croquetas: recalentar en horno 160\u2013180\u00a0\u00b0C 5\u20138\u00a0min. Pan y bocadillos: mantener a 0\u20134\u00a0\u00b0C y servir templado o a temperatura ambiente. Consumir en el d\u00eda.<\/p>","protected":false},"excerpt":{"rendered":"<p>Combo especial para 6: pan de cristal untado de tomate con tortilla de patatas, 12 mini bocadillos de jam\u00f3n ib\u00e9rico y 12 croquetas variadas (jam\u00f3n y cocido). Listo para compartir. Antelaci\u00f3n m\u00ednima 24 h. Material desechable incluido.<\/p>","protected":false},"featured_media":7373,"template":"","meta":{"site-sidebar-layout":"default","site-content-layout":"","ast-site-content-layout":"default","site-content-style":"default","site-sidebar-style":"default","ast-global-header-display":"","ast-banner-title-visibility":"","ast-main-header-display":"","ast-hfb-above-header-display":"","ast-hfb-below-header-display":"","ast-hfb-mobile-header-display":"","site-post-title":"","ast-breadcrumbs-content":"","ast-featured-img":"","footer-sml-layout":"","theme-transparent-header-meta":"default","adv-header-id-meta":"","stick-header-meta":"","header-above-stick-meta":"","header-main-stick-meta":"","header-below-stick-meta":"","astra-migrate-meta-layouts":"set","ast-page-background-enabled":"default","ast-page-background-meta":{"desktop":{"background-color":"","background-image":"","background-repeat":"repeat","background-position":"center center","background-size":"auto","background-attachment":"scroll","background-type":"","background-media":"","overlay-type":"","overlay-color":"","overlay-opacity":"","overlay-gradient":""},"tablet":{"background-color":"","background-image":"","background-repeat":"repeat","background-position":"center center","background-size":"auto","background-attachment":"scroll","background-type":"","background-media":"","overlay-type":"","overlay-color":"","overlay-opacity":"","overlay-gradient":""},"mobile":{"background-color":"","background-image":"","background-repeat":"repeat","background-position":"center center","background-size":"auto","background-attachment":"scroll","background-type":"","background-media":"","overlay-type":"","overlay-color":"","overlay-opacity":"","overlay-gradient":""}},"ast-content-background-meta":{"desktop":{"background-color":"var(--ast-global-color-5)","background-image":"","background-repeat":"repeat","background-position":"center center","background-size":"auto","background-attachment":"scroll","background-type":"","background-media":"","overlay-type":"","overlay-color":"","overlay-opacity":"","overlay-gradient":""},"tablet":{"background-color":"var(--ast-global-color-5)","background-image":"","background-repeat":"repeat","background-position":"center center","background-size":"auto","background-attachment":"scroll","background-type":"","background-media":"","overlay-type":"","overlay-color":"","overlay-opacity":"","overlay-gradient":""},"mobile":{"background-color":"var(--ast-global-color-5)","background-image":"","background-repeat":"repeat","background-position":"center center","background-size":"auto","background-attachment":"scroll","background-type":"","background-media":"","overlay-type":"","overlay-color":"","overlay-opacity":"","overlay-gradient":""}}},"product_brand":[],"product_cat":[89,325,331,328],"product_tag":[327],"class_list":{"0":"post-7342","1":"product","2":"type-product","3":"status-publish","4":"has-post-thumbnail","6":"product_cat-bandejas-picoteo","7":"product_cat-bocadillos-sandwiches","8":"product_cat-horneados-salados","9":"product_cat-packs-para-grupos","10":"product_tag-con-jamon","11":"desktop-align-left","12":"tablet-align-left","13":"mobile-align-left","15":"first","16":"instock","17":"featured","18":"purchasable","19":"product-type-simple"},"_links":{"self":[{"href":"https:\/\/valencia.rcater.es\/en\/wp-json\/wp\/v2\/product\/7342","targetHints":{"allow":["GET"]}}],"collection":[{"href":"https:\/\/valencia.rcater.es\/en\/wp-json\/wp\/v2\/product"}],"about":[{"href":"https:\/\/valencia.rcater.es\/en\/wp-json\/wp\/v2\/types\/product"}],"version-history":[{"count":2,"href":"https:\/\/valencia.rcater.es\/en\/wp-json\/wp\/v2\/product\/7342\/revisions"}],"predecessor-version":[{"id":7374,"href":"https:\/\/valencia.rcater.es\/en\/wp-json\/wp\/v2\/product\/7342\/revisions\/7374"}],"wp:featuredmedia":[{"embeddable":true,"href":"https:\/\/valencia.rcater.es\/en\/wp-json\/wp\/v2\/media\/7373"}],"wp:attachment":[{"href":"https:\/\/valencia.rcater.es\/en\/wp-json\/wp\/v2\/media?parent=7342"}],"wp:term":[{"taxonomy":"product_brand","embeddable":true,"href":"https:\/\/valencia.rcater.es\/en\/wp-json\/wp\/v2\/product_brand?post=7342"},{"taxonomy":"product_cat","embeddable":true,"href":"https:\/\/valencia.rcater.es\/en\/wp-json\/wp\/v2\/product_cat?post=7342"},{"taxonomy":"product_tag","embeddable":true,"href":"https:\/\/valencia.rcater.es\/en\/wp-json\/wp\/v2\/product_tag?post=7342"}],"curies":[{"name":"wp","href":"https:\/\/api.w.org\/{rel}","templated":true}]}}