{"id":7389,"date":"2025-11-02T12:04:00","date_gmt":"2025-11-02T12:04:00","guid":{"rendered":"https:\/\/valencia.rcater.es\/product\/bandeja-de-mini-brioches-vegetales-12-uds\/"},"modified":"2025-11-04T19:52:56","modified_gmt":"2025-11-04T19:52:56","slug":"bandeja-de-mini-brioches-vegetales-12-uds","status":"publish","type":"product","link":"https:\/\/valencia.rcater.es\/en\/product\/bandeja-de-mini-brioches-vegetales-12-uds\/","title":{"rendered":"Bandeja de Mini Brioches Vegetales (12 uds)"},"content":{"rendered":"<p>Mini brioches tiernos y elaborados artesanalmente con rellenos frescos de estilo vegetal, perfectos para aperitivos y reuniones.<\/p>\n<ul>\n<li>12 mini brioches surtidos.<\/li>\n<li>Rellenos posibles: at\u00fan o salm\u00f3n; jam\u00f3n york o pavo; hojas verdes y tomate.<\/li>\n<li>Presentaci\u00f3n en bandeja, listos para servir.<\/li>\n<\/ul>\n<p><strong>Log\u00edstica:<\/strong> pedidos web L\u2013V. Entrega con 24\u00a0h de antelaci\u00f3n. Material desechable incluido.<\/p>\n<p><strong>Al\u00e9rgenos (UE 1169\/2011):<\/strong> gluten, leche, huevo, pescado (at\u00fan\/salm\u00f3n). <em>Puede contener<\/em> s\u00e9samo, soja y frutos secos (trazas).<\/p>\n<p><strong>Conservaci\u00f3n y servicio:<\/strong> mantener a 0\u20134\u00a0\u00b0C. Servir fr\u00edo o a temperatura ambiente. Consumir en el d\u00eda.<\/p>","protected":false},"excerpt":{"rendered":"<p>Bandeja con 12 mini brioches artesanales rellenos en combinaci\u00f3n vegetal: at\u00fan o salm\u00f3n, y opciones de jam\u00f3n york o pavo con hojas verdes y tomate. Listos para servir en reuniones y coffee breaks. Antelaci\u00f3n m\u00ednima 24 h.<\/p>","protected":false},"featured_media":7413,"template":"","meta":{"site-sidebar-layout":"default","site-content-layout":"","ast-site-content-layout":"default","site-content-style":"default","site-sidebar-style":"default","ast-global-header-display":"","ast-banner-title-visibility":"","ast-main-header-display":"","ast-hfb-above-header-display":"","ast-hfb-below-header-display":"","ast-hfb-mobile-header-display":"","site-post-title":"","ast-breadcrumbs-content":"","ast-featured-img":"","footer-sml-layout":"","theme-transparent-header-meta":"default","adv-header-id-meta":"","stick-header-meta":"","header-above-stick-meta":"","header-main-stick-meta":"","header-below-stick-meta":"","astra-migrate-meta-layouts":"set","ast-page-background-enabled":"default","ast-page-background-meta":{"desktop":{"background-color":"","background-image":"","background-repeat":"repeat","background-position":"center center","background-size":"auto","background-attachment":"scroll","background-type":"","background-media":"","overlay-type":"","overlay-color":"","overlay-opacity":"","overlay-gradient":""},"tablet":{"background-color":"","background-image":"","background-repeat":"repeat","background-position":"center center","background-size":"auto","background-attachment":"scroll","background-type":"","background-media":"","overlay-type":"","overlay-color":"","overlay-opacity":"","overlay-gradient":""},"mobile":{"background-color":"","background-image":"","background-repeat":"repeat","background-position":"center center","background-size":"auto","background-attachment":"scroll","background-type":"","background-media":"","overlay-type":"","overlay-color":"","overlay-opacity":"","overlay-gradient":""}},"ast-content-background-meta":{"desktop":{"background-color":"var(--ast-global-color-5)","background-image":"","background-repeat":"repeat","background-position":"center center","background-size":"auto","background-attachment":"scroll","background-type":"","background-media":"","overlay-type":"","overlay-color":"","overlay-opacity":"","overlay-gradient":""},"tablet":{"background-color":"var(--ast-global-color-5)","background-image":"","background-repeat":"repeat","background-position":"center center","background-size":"auto","background-attachment":"scroll","background-type":"","background-media":"","overlay-type":"","overlay-color":"","overlay-opacity":"","overlay-gradient":""},"mobile":{"background-color":"var(--ast-global-color-5)","background-image":"","background-repeat":"repeat","background-position":"center center","background-size":"auto","background-attachment":"scroll","background-type":"","background-media":"","overlay-type":"","overlay-color":"","overlay-opacity":"","overlay-gradient":""}}},"product_brand":[],"product_cat":[89,325],"product_tag":[327,123],"class_list":{"0":"post-7389","1":"product","2":"type-product","3":"status-publish","4":"has-post-thumbnail","6":"product_cat-bandejas-picoteo","7":"product_cat-bocadillos-sandwiches","8":"product_tag-con-jamon","9":"product_tag-pescado","10":"desktop-align-left","11":"tablet-align-left","12":"mobile-align-left","14":"first","15":"instock","16":"purchasable","17":"product-type-simple"},"_links":{"self":[{"href":"https:\/\/valencia.rcater.es\/en\/wp-json\/wp\/v2\/product\/7389","targetHints":{"allow":["GET"]}}],"collection":[{"href":"https:\/\/valencia.rcater.es\/en\/wp-json\/wp\/v2\/product"}],"about":[{"href":"https:\/\/valencia.rcater.es\/en\/wp-json\/wp\/v2\/types\/product"}],"version-history":[{"count":2,"href":"https:\/\/valencia.rcater.es\/en\/wp-json\/wp\/v2\/product\/7389\/revisions"}],"predecessor-version":[{"id":7414,"href":"https:\/\/valencia.rcater.es\/en\/wp-json\/wp\/v2\/product\/7389\/revisions\/7414"}],"wp:featuredmedia":[{"embeddable":true,"href":"https:\/\/valencia.rcater.es\/en\/wp-json\/wp\/v2\/media\/7413"}],"wp:attachment":[{"href":"https:\/\/valencia.rcater.es\/en\/wp-json\/wp\/v2\/media?parent=7389"}],"wp:term":[{"taxonomy":"product_brand","embeddable":true,"href":"https:\/\/valencia.rcater.es\/en\/wp-json\/wp\/v2\/product_brand?post=7389"},{"taxonomy":"product_cat","embeddable":true,"href":"https:\/\/valencia.rcater.es\/en\/wp-json\/wp\/v2\/product_cat?post=7389"},{"taxonomy":"product_tag","embeddable":true,"href":"https:\/\/valencia.rcater.es\/en\/wp-json\/wp\/v2\/product_tag?post=7389"}],"curies":[{"name":"wp","href":"https:\/\/api.w.org\/{rel}","templated":true}]}}