{"id":7465,"date":"2025-11-02T14:49:46","date_gmt":"2025-11-02T14:49:46","guid":{"rendered":"https:\/\/valencia.rcater.es\/product\/desayuno-te-quiero\/"},"modified":"2025-11-26T10:50:50","modified_gmt":"2025-11-26T10:50:50","slug":"desayuno-romantico-te-quiero","status":"publish","type":"product","link":"https:\/\/valencia.rcater.es\/en\/product\/desayuno-romantico-te-quiero\/","title":{"rendered":"Desayuno rom\u00e1ntico \u00abTe quiero\u00bb"},"content":{"rendered":"<p>Pack desayuno rom\u00e1ntico para sorprender desde la primera hora. Perfecto para enviar a domicilio.<\/p>\n<h4>Incluye<\/h4>\n<ul>\n<li>Barrote ib\u00e9rico<\/li>\n<li>2 Rosendos<\/li>\n<li>Yogur Capricho Pastoret<\/li>\n<li>Zumo en botella<\/li>\n<\/ul>\n<p><em>Al\u00e9rgenos (UE 1169\/2011):<\/em> gluten, leche, huevo. Puede contener trazas de frutos secos, soja y s\u00e9samo.<\/p>","protected":false},"excerpt":{"rendered":"<p>Pack desayuno rom\u00e1ntico para sorprender desde la primera hora. Perfecto para enviar a domicilio. Incluye Barrote ib\u00e9rico 2 Rosendos Yogur Capricho Pastoret Zumo en botella Al\u00e9rgenos (UE 1169\/2011): gluten, leche, huevo. Puede contener trazas de frutos secos, soja y s\u00e9samo.<\/p>","protected":false},"featured_media":7478,"template":"","meta":{"site-sidebar-layout":"default","site-content-layout":"","ast-site-content-layout":"default","site-content-style":"default","site-sidebar-style":"default","ast-global-header-display":"","ast-banner-title-visibility":"","ast-main-header-display":"","ast-hfb-above-header-display":"","ast-hfb-below-header-display":"","ast-hfb-mobile-header-display":"","site-post-title":"","ast-breadcrumbs-content":"","ast-featured-img":"","footer-sml-layout":"","theme-transparent-header-meta":"default","adv-header-id-meta":"","stick-header-meta":"","header-above-stick-meta":"","header-main-stick-meta":"","header-below-stick-meta":"","astra-migrate-meta-layouts":"set","ast-page-background-enabled":"default","ast-page-background-meta":{"desktop":{"background-color":"","background-image":"","background-repeat":"repeat","background-position":"center center","background-size":"auto","background-attachment":"scroll","background-type":"","background-media":"","overlay-type":"","overlay-color":"","overlay-opacity":"","overlay-gradient":""},"tablet":{"background-color":"","background-image":"","background-repeat":"repeat","background-position":"center center","background-size":"auto","background-attachment":"scroll","background-type":"","background-media":"","overlay-type":"","overlay-color":"","overlay-opacity":"","overlay-gradient":""},"mobile":{"background-color":"","background-image":"","background-repeat":"repeat","background-position":"center center","background-size":"auto","background-attachment":"scroll","background-type":"","background-media":"","overlay-type":"","overlay-color":"","overlay-opacity":"","overlay-gradient":""}},"ast-content-background-meta":{"desktop":{"background-color":"var(--ast-global-color-5)","background-image":"","background-repeat":"repeat","background-position":"center center","background-size":"auto","background-attachment":"scroll","background-type":"","background-media":"","overlay-type":"","overlay-color":"","overlay-opacity":"","overlay-gradient":""},"tablet":{"background-color":"var(--ast-global-color-5)","background-image":"","background-repeat":"repeat","background-position":"center center","background-size":"auto","background-attachment":"scroll","background-type":"","background-media":"","overlay-type":"","overlay-color":"","overlay-opacity":"","overlay-gradient":""},"mobile":{"background-color":"var(--ast-global-color-5)","background-image":"","background-repeat":"repeat","background-position":"center center","background-size":"auto","background-attachment":"scroll","background-type":"","background-media":"","overlay-type":"","overlay-color":"","overlay-opacity":"","overlay-gradient":""}}},"product_brand":[],"product_cat":[285],"product_tag":[],"class_list":{"0":"post-7465","1":"product","2":"type-product","3":"status-publish","4":"has-post-thumbnail","6":"product_cat-desayunos-brunch","7":"desktop-align-left","8":"tablet-align-left","9":"mobile-align-left","11":"first","12":"instock","13":"purchasable","14":"product-type-simple"},"_links":{"self":[{"href":"https:\/\/valencia.rcater.es\/en\/wp-json\/wp\/v2\/product\/7465","targetHints":{"allow":["GET"]}}],"collection":[{"href":"https:\/\/valencia.rcater.es\/en\/wp-json\/wp\/v2\/product"}],"about":[{"href":"https:\/\/valencia.rcater.es\/en\/wp-json\/wp\/v2\/types\/product"}],"version-history":[{"count":5,"href":"https:\/\/valencia.rcater.es\/en\/wp-json\/wp\/v2\/product\/7465\/revisions"}],"predecessor-version":[{"id":8075,"href":"https:\/\/valencia.rcater.es\/en\/wp-json\/wp\/v2\/product\/7465\/revisions\/8075"}],"wp:featuredmedia":[{"embeddable":true,"href":"https:\/\/valencia.rcater.es\/en\/wp-json\/wp\/v2\/media\/7478"}],"wp:attachment":[{"href":"https:\/\/valencia.rcater.es\/en\/wp-json\/wp\/v2\/media?parent=7465"}],"wp:term":[{"taxonomy":"product_brand","embeddable":true,"href":"https:\/\/valencia.rcater.es\/en\/wp-json\/wp\/v2\/product_brand?post=7465"},{"taxonomy":"product_cat","embeddable":true,"href":"https:\/\/valencia.rcater.es\/en\/wp-json\/wp\/v2\/product_cat?post=7465"},{"taxonomy":"product_tag","embeddable":true,"href":"https:\/\/valencia.rcater.es\/en\/wp-json\/wp\/v2\/product_tag?post=7465"}],"curies":[{"name":"wp","href":"https:\/\/api.w.org\/{rel}","templated":true}]}}