{"id":7467,"date":"2025-11-02T14:49:46","date_gmt":"2025-11-02T14:49:46","guid":{"rendered":"https:\/\/valencia.rcater.es\/product\/lunch-fornet\/"},"modified":"2025-11-26T11:20:35","modified_gmt":"2025-11-26T11:20:35","slug":"lunch-completo-con-ensalada-croquetas-y-jamon-iberico","status":"publish","type":"product","link":"https:\/\/valencia.rcater.es\/en\/product\/lunch-completo-con-ensalada-croquetas-y-jamon-iberico\/","title":{"rendered":"Lunch completo con ensalada, croquetas y jam\u00f3n ib\u00e9rico"},"content":{"rendered":"<p>Lunch completo y equilibrado para la hora de la comida. C\u00f3modo para servir en el trabajo, reuniones o excursiones.<\/p>\n<h4>Incluye<\/h4>\n<ul>\n<li>Ensalada de pollo con queso fresco<\/li>\n<li>2 croquetas<\/li>\n<li>Barrote de jam\u00f3n ib\u00e9rico<\/li>\n<li>Pieza dulce Rosendo<\/li>\n<\/ul>\n<p><em>Al\u00e9rgenos (UE 1169\/2011):<\/em> gluten, leche, huevo. Puede contener trazas de frutos secos, soja y s\u00e9samo.<\/p>","protected":false},"excerpt":{"rendered":"<p>Lunch completo y equilibrado para la hora de la comida. C\u00f3modo para servir en el trabajo, reuniones o excursiones. Incluye Ensalada de pollo con queso fresco 2 croquetas Barrote de jam\u00f3n ib\u00e9rico Pieza dulce Rosendo Al\u00e9rgenos (UE 1169\/2011): gluten, leche, huevo. Puede contener trazas de frutos secos, soja y s\u00e9samo.<\/p>","protected":false},"featured_media":7483,"template":"","meta":{"site-sidebar-layout":"default","site-content-layout":"","ast-site-content-layout":"default","site-content-style":"default","site-sidebar-style":"default","ast-global-header-display":"","ast-banner-title-visibility":"","ast-main-header-display":"","ast-hfb-above-header-display":"","ast-hfb-below-header-display":"","ast-hfb-mobile-header-display":"","site-post-title":"","ast-breadcrumbs-content":"","ast-featured-img":"","footer-sml-layout":"","theme-transparent-header-meta":"default","adv-header-id-meta":"","stick-header-meta":"","header-above-stick-meta":"","header-main-stick-meta":"","header-below-stick-meta":"","astra-migrate-meta-layouts":"set","ast-page-background-enabled":"default","ast-page-background-meta":{"desktop":{"background-color":"","background-image":"","background-repeat":"repeat","background-position":"center center","background-size":"auto","background-attachment":"scroll","background-type":"","background-media":"","overlay-type":"","overlay-color":"","overlay-opacity":"","overlay-gradient":""},"tablet":{"background-color":"","background-image":"","background-repeat":"repeat","background-position":"center center","background-size":"auto","background-attachment":"scroll","background-type":"","background-media":"","overlay-type":"","overlay-color":"","overlay-opacity":"","overlay-gradient":""},"mobile":{"background-color":"","background-image":"","background-repeat":"repeat","background-position":"center center","background-size":"auto","background-attachment":"scroll","background-type":"","background-media":"","overlay-type":"","overlay-color":"","overlay-opacity":"","overlay-gradient":""}},"ast-content-background-meta":{"desktop":{"background-color":"var(--ast-global-color-5)","background-image":"","background-repeat":"repeat","background-position":"center center","background-size":"auto","background-attachment":"scroll","background-type":"","background-media":"","overlay-type":"","overlay-color":"","overlay-opacity":"","overlay-gradient":""},"tablet":{"background-color":"var(--ast-global-color-5)","background-image":"","background-repeat":"repeat","background-position":"center center","background-size":"auto","background-attachment":"scroll","background-type":"","background-media":"","overlay-type":"","overlay-color":"","overlay-opacity":"","overlay-gradient":""},"mobile":{"background-color":"var(--ast-global-color-5)","background-image":"","background-repeat":"repeat","background-position":"center center","background-size":"auto","background-attachment":"scroll","background-type":"","background-media":"","overlay-type":"","overlay-color":"","overlay-opacity":"","overlay-gradient":""}}},"product_brand":[],"product_cat":[285],"product_tag":[327],"class_list":{"0":"post-7467","1":"product","2":"type-product","3":"status-publish","4":"has-post-thumbnail","6":"product_cat-desayunos-brunch","7":"product_tag-con-jamon","8":"desktop-align-left","9":"tablet-align-left","10":"mobile-align-left","12":"first","13":"instock","14":"purchasable","15":"product-type-simple"},"_links":{"self":[{"href":"https:\/\/valencia.rcater.es\/en\/wp-json\/wp\/v2\/product\/7467","targetHints":{"allow":["GET"]}}],"collection":[{"href":"https:\/\/valencia.rcater.es\/en\/wp-json\/wp\/v2\/product"}],"about":[{"href":"https:\/\/valencia.rcater.es\/en\/wp-json\/wp\/v2\/types\/product"}],"version-history":[{"count":3,"href":"https:\/\/valencia.rcater.es\/en\/wp-json\/wp\/v2\/product\/7467\/revisions"}],"predecessor-version":[{"id":7484,"href":"https:\/\/valencia.rcater.es\/en\/wp-json\/wp\/v2\/product\/7467\/revisions\/7484"}],"wp:featuredmedia":[{"embeddable":true,"href":"https:\/\/valencia.rcater.es\/en\/wp-json\/wp\/v2\/media\/7483"}],"wp:attachment":[{"href":"https:\/\/valencia.rcater.es\/en\/wp-json\/wp\/v2\/media?parent=7467"}],"wp:term":[{"taxonomy":"product_brand","embeddable":true,"href":"https:\/\/valencia.rcater.es\/en\/wp-json\/wp\/v2\/product_brand?post=7467"},{"taxonomy":"product_cat","embeddable":true,"href":"https:\/\/valencia.rcater.es\/en\/wp-json\/wp\/v2\/product_cat?post=7467"},{"taxonomy":"product_tag","embeddable":true,"href":"https:\/\/valencia.rcater.es\/en\/wp-json\/wp\/v2\/product_tag?post=7467"}],"curies":[{"name":"wp","href":"https:\/\/api.w.org\/{rel}","templated":true}]}}