{"id":7508,"date":"2025-11-02T17:21:33","date_gmt":"2025-11-02T17:21:33","guid":{"rendered":"https:\/\/valencia.rcater.es\/product\/pack-buenos-dias-caja-desayuno-individual-1-persona\/"},"modified":"2025-11-26T10:50:58","modified_gmt":"2025-11-26T10:50:58","slug":"pack-buenos-dias-caja-desayuno-individual-1-persona","status":"publish","type":"product","link":"https:\/\/valencia.rcater.es\/en\/product\/pack-buenos-dias-caja-desayuno-individual-1-persona\/","title":{"rendered":"Pack Buenos D\u00edas \u2014 Caja desayuno individual (1 persona)"},"content":{"rendered":"<p>Desayuno listo para regalar o sorprender en Valencia: una caja individual con combinaci\u00f3n dulce\u2011salada para empezar el d\u00eda con buen pie.<\/p>\n<p>Preparado a diario en el obrador de Real Catering Valencia para garantizar frescura y entrega puntual.<\/p>\n<h4>Incluye<\/h4>\n<ul>\n<li>Zumo individual (melocot\u00f3n, pi\u00f1a o naranja).<\/li>\n<li>Yogur estilo griego.<\/li>\n<li>S\u00e1ndwich vegetal.<\/li>\n<li>Rosendo de chocolate (pieza de boller\u00eda).<\/li>\n<\/ul>\n<p class=\"legal\">Al\u00e9rgenos (UE 1169\/2011): gluten, leche, huevo. Puede contener trazas de frutos secos, soja y s\u00e9samo.<\/p>","protected":false},"excerpt":{"rendered":"<p>Desayuno listo para regalar o sorprender en : una caja individual con combinaci\u00f3n dulce\u2011salada para empezar el d\u00eda con buen pie. Preparado a diario en el obrador de Real Catering para garantizar frescura y entrega puntual. Incluye Zumo individual (melocot\u00f3n, pi\u00f1a o naranja). Yogur estilo griego. S\u00e1ndwich vegetal. Rosendo de chocolate (pieza de boller\u00eda). Al\u00e9rgenos [&hellip;]<\/p>","protected":false},"featured_media":7520,"template":"","meta":{"site-sidebar-layout":"default","site-content-layout":"","ast-site-content-layout":"default","site-content-style":"default","site-sidebar-style":"default","ast-global-header-display":"","ast-banner-title-visibility":"","ast-main-header-display":"","ast-hfb-above-header-display":"","ast-hfb-below-header-display":"","ast-hfb-mobile-header-display":"","site-post-title":"","ast-breadcrumbs-content":"","ast-featured-img":"","footer-sml-layout":"","theme-transparent-header-meta":"default","adv-header-id-meta":"","stick-header-meta":"","header-above-stick-meta":"","header-main-stick-meta":"","header-below-stick-meta":"","astra-migrate-meta-layouts":"set","ast-page-background-enabled":"default","ast-page-background-meta":{"desktop":{"background-color":"","background-image":"","background-repeat":"repeat","background-position":"center center","background-size":"auto","background-attachment":"scroll","background-type":"","background-media":"","overlay-type":"","overlay-color":"","overlay-opacity":"","overlay-gradient":""},"tablet":{"background-color":"","background-image":"","background-repeat":"repeat","background-position":"center center","background-size":"auto","background-attachment":"scroll","background-type":"","background-media":"","overlay-type":"","overlay-color":"","overlay-opacity":"","overlay-gradient":""},"mobile":{"background-color":"","background-image":"","background-repeat":"repeat","background-position":"center center","background-size":"auto","background-attachment":"scroll","background-type":"","background-media":"","overlay-type":"","overlay-color":"","overlay-opacity":"","overlay-gradient":""}},"ast-content-background-meta":{"desktop":{"background-color":"var(--ast-global-color-5)","background-image":"","background-repeat":"repeat","background-position":"center center","background-size":"auto","background-attachment":"scroll","background-type":"","background-media":"","overlay-type":"","overlay-color":"","overlay-opacity":"","overlay-gradient":""},"tablet":{"background-color":"var(--ast-global-color-5)","background-image":"","background-repeat":"repeat","background-position":"center center","background-size":"auto","background-attachment":"scroll","background-type":"","background-media":"","overlay-type":"","overlay-color":"","overlay-opacity":"","overlay-gradient":""},"mobile":{"background-color":"var(--ast-global-color-5)","background-image":"","background-repeat":"repeat","background-position":"center center","background-size":"auto","background-attachment":"scroll","background-type":"","background-media":"","overlay-type":"","overlay-color":"","overlay-opacity":"","overlay-gradient":""}}},"product_brand":[],"product_cat":[285],"product_tag":[],"class_list":{"0":"post-7508","1":"product","2":"type-product","3":"status-publish","4":"has-post-thumbnail","6":"product_cat-desayunos-brunch","7":"desktop-align-left","8":"tablet-align-left","9":"mobile-align-left","11":"first","12":"instock","13":"purchasable","14":"product-type-simple"},"_links":{"self":[{"href":"https:\/\/valencia.rcater.es\/en\/wp-json\/wp\/v2\/product\/7508","targetHints":{"allow":["GET"]}}],"collection":[{"href":"https:\/\/valencia.rcater.es\/en\/wp-json\/wp\/v2\/product"}],"about":[{"href":"https:\/\/valencia.rcater.es\/en\/wp-json\/wp\/v2\/types\/product"}],"version-history":[{"count":2,"href":"https:\/\/valencia.rcater.es\/en\/wp-json\/wp\/v2\/product\/7508\/revisions"}],"predecessor-version":[{"id":7521,"href":"https:\/\/valencia.rcater.es\/en\/wp-json\/wp\/v2\/product\/7508\/revisions\/7521"}],"wp:featuredmedia":[{"embeddable":true,"href":"https:\/\/valencia.rcater.es\/en\/wp-json\/wp\/v2\/media\/7520"}],"wp:attachment":[{"href":"https:\/\/valencia.rcater.es\/en\/wp-json\/wp\/v2\/media?parent=7508"}],"wp:term":[{"taxonomy":"product_brand","embeddable":true,"href":"https:\/\/valencia.rcater.es\/en\/wp-json\/wp\/v2\/product_brand?post=7508"},{"taxonomy":"product_cat","embeddable":true,"href":"https:\/\/valencia.rcater.es\/en\/wp-json\/wp\/v2\/product_cat?post=7508"},{"taxonomy":"product_tag","embeddable":true,"href":"https:\/\/valencia.rcater.es\/en\/wp-json\/wp\/v2\/product_tag?post=7508"}],"curies":[{"name":"wp","href":"https:\/\/api.w.org\/{rel}","templated":true}]}}