{"id":7528,"date":"2025-11-03T12:20:36","date_gmt":"2025-11-03T12:20:36","guid":{"rendered":"https:\/\/valencia.rcater.es\/product\/croquetas-3-uds-seleccion-de-sabores\/"},"modified":"2025-11-26T11:18:30","modified_gmt":"2025-11-26T11:18:30","slug":"croquetas-3-uds-seleccion-de-sabores","status":"publish","type":"product","link":"https:\/\/valencia.rcater.es\/en\/product\/croquetas-3-uds-seleccion-de-sabores\/","title":{"rendered":"Croquetas (3 uds) \u2014 selecci\u00f3n de sabores"},"content":{"rendered":"<p>Porci\u00f3n de 3 croquetas artesanas: masa suave y cremosa con rebozado crujiente. Perfectas como tentempi\u00e9 o para completar bandejas de picoteo en eventos de Valencia.<\/p>\n<p>Disponibles en tres variedades: jam\u00f3n ib\u00e9rico, carne de cocido (del Perol) o bacalao. Preparadas a diario por Real Catering Valencia.<\/p>\n<h4>Incluye<\/h4>\n<ul>\n<li>3 croquetas (a elegir variedad o mixtas).<\/li>\n<\/ul>\n<p class=\"legal\">Al\u00e9rgenos (UE 1169\/2011): gluten, leche, huevo; posible pescado (si se elige bacalao). Puede contener trazas de frutos secos, soja y s\u00e9samo.<\/p>","protected":false},"excerpt":{"rendered":"<p>Porci\u00f3n de 3 croquetas artesanas: masa suave y cremosa con rebozado crujiente. Perfectas como tentempi\u00e9 o para completar bandejas de picoteo en eventos de . Disponibles en tres variedades: jam\u00f3n ib\u00e9rico, carne de cocido (del Perol) o bacalao. Preparadas a diario por Real Catering . Incluye 3 croquetas (a elegir variedad o mixtas). Al\u00e9rgenos (UE [&hellip;]<\/p>","protected":false},"featured_media":7562,"template":"","meta":{"site-sidebar-layout":"default","site-content-layout":"","ast-site-content-layout":"default","site-content-style":"default","site-sidebar-style":"default","ast-global-header-display":"","ast-banner-title-visibility":"","ast-main-header-display":"","ast-hfb-above-header-display":"","ast-hfb-below-header-display":"","ast-hfb-mobile-header-display":"","site-post-title":"","ast-breadcrumbs-content":"","ast-featured-img":"","footer-sml-layout":"","theme-transparent-header-meta":"default","adv-header-id-meta":"","stick-header-meta":"","header-above-stick-meta":"","header-main-stick-meta":"","header-below-stick-meta":"","astra-migrate-meta-layouts":"set","ast-page-background-enabled":"default","ast-page-background-meta":{"desktop":{"background-color":"","background-image":"","background-repeat":"repeat","background-position":"center center","background-size":"auto","background-attachment":"scroll","background-type":"","background-media":"","overlay-type":"","overlay-color":"","overlay-opacity":"","overlay-gradient":""},"tablet":{"background-color":"","background-image":"","background-repeat":"repeat","background-position":"center center","background-size":"auto","background-attachment":"scroll","background-type":"","background-media":"","overlay-type":"","overlay-color":"","overlay-opacity":"","overlay-gradient":""},"mobile":{"background-color":"","background-image":"","background-repeat":"repeat","background-position":"center center","background-size":"auto","background-attachment":"scroll","background-type":"","background-media":"","overlay-type":"","overlay-color":"","overlay-opacity":"","overlay-gradient":""}},"ast-content-background-meta":{"desktop":{"background-color":"var(--ast-global-color-5)","background-image":"","background-repeat":"repeat","background-position":"center center","background-size":"auto","background-attachment":"scroll","background-type":"","background-media":"","overlay-type":"","overlay-color":"","overlay-opacity":"","overlay-gradient":""},"tablet":{"background-color":"var(--ast-global-color-5)","background-image":"","background-repeat":"repeat","background-position":"center center","background-size":"auto","background-attachment":"scroll","background-type":"","background-media":"","overlay-type":"","overlay-color":"","overlay-opacity":"","overlay-gradient":""},"mobile":{"background-color":"var(--ast-global-color-5)","background-image":"","background-repeat":"repeat","background-position":"center center","background-size":"auto","background-attachment":"scroll","background-type":"","background-media":"","overlay-type":"","overlay-color":"","overlay-opacity":"","overlay-gradient":""}}},"product_brand":[],"product_cat":[379],"product_tag":[201],"class_list":{"0":"post-7528","1":"product","2":"type-product","3":"status-publish","4":"has-post-thumbnail","6":"product_cat-crea-tu-caja-para-comer-por-unidades","7":"product_tag-coffee-break","8":"desktop-align-left","9":"tablet-align-left","10":"mobile-align-left","12":"first","13":"instock","14":"purchasable","15":"product-type-simple"},"_links":{"self":[{"href":"https:\/\/valencia.rcater.es\/en\/wp-json\/wp\/v2\/product\/7528","targetHints":{"allow":["GET"]}}],"collection":[{"href":"https:\/\/valencia.rcater.es\/en\/wp-json\/wp\/v2\/product"}],"about":[{"href":"https:\/\/valencia.rcater.es\/en\/wp-json\/wp\/v2\/types\/product"}],"version-history":[{"count":2,"href":"https:\/\/valencia.rcater.es\/en\/wp-json\/wp\/v2\/product\/7528\/revisions"}],"predecessor-version":[{"id":7563,"href":"https:\/\/valencia.rcater.es\/en\/wp-json\/wp\/v2\/product\/7528\/revisions\/7563"}],"wp:featuredmedia":[{"embeddable":true,"href":"https:\/\/valencia.rcater.es\/en\/wp-json\/wp\/v2\/media\/7562"}],"wp:attachment":[{"href":"https:\/\/valencia.rcater.es\/en\/wp-json\/wp\/v2\/media?parent=7528"}],"wp:term":[{"taxonomy":"product_brand","embeddable":true,"href":"https:\/\/valencia.rcater.es\/en\/wp-json\/wp\/v2\/product_brand?post=7528"},{"taxonomy":"product_cat","embeddable":true,"href":"https:\/\/valencia.rcater.es\/en\/wp-json\/wp\/v2\/product_cat?post=7528"},{"taxonomy":"product_tag","embeddable":true,"href":"https:\/\/valencia.rcater.es\/en\/wp-json\/wp\/v2\/product_tag?post=7528"}],"curies":[{"name":"wp","href":"https:\/\/api.w.org\/{rel}","templated":true}]}}