{"id":7536,"date":"2025-11-03T12:20:36","date_gmt":"2025-11-03T12:20:36","guid":{"rendered":"https:\/\/valencia.rcater.es\/product\/mini-chapatera-de-jamon-iberico-pieza-minimo-4-uds\/"},"modified":"2025-11-26T11:16:14","modified_gmt":"2025-11-26T11:16:14","slug":"mini-chapatera-de-jamon-iberico-pieza-minimo-4-uds","status":"publish","type":"product","link":"https:\/\/valencia.rcater.es\/en\/product\/mini-chapatera-de-jamon-iberico-pieza-minimo-4-uds\/","title":{"rendered":"Mini Chapatera de Jam\u00f3n Ib\u00e9rico \u2014 pieza (m\u00ednimo 4 uds)"},"content":{"rendered":"<p>Mini bocadillo de chapata con jam\u00f3n ib\u00e9rico: un cl\u00e1sico que siempre funciona en bandejas de picoteo, reuniones y eventos en Valencia. Crujiente por fuera, tierno por dentro.<\/p>\n<p>Preparado a diario en el obrador de Real Catering Valencia. <strong>Pedido m\u00ednimo: 4 unidades<\/strong>. Disponible por encargo 24 h.<\/p>\n<h4>Incluye<\/h4>\n<ul>\n<li>Pan tipo chapata tama\u00f1o mini.<\/li>\n<li>Jam\u00f3n ib\u00e9rico.<\/li>\n<li>Tomate y aceite (opcional).<\/li>\n<\/ul>\n<p class=\"legal\">Al\u00e9rgenos (UE 1169\/2011): gluten. Puede contener trazas de leche, huevo, frutos secos, soja y s\u00e9samo.<\/p>","protected":false},"excerpt":{"rendered":"<p>Mini bocadillo de chapata con jam\u00f3n ib\u00e9rico: un cl\u00e1sico que siempre funciona en bandejas de picoteo, reuniones y eventos en . Crujiente por fuera, tierno por dentro. Preparado a diario en el obrador de Real Catering . Pedido m\u00ednimo: 4 unidades. Disponible por encargo 24 h. Incluye Pan tipo chapata tama\u00f1o mini. Jam\u00f3n ib\u00e9rico. Tomate [&hellip;]<\/p>","protected":false},"featured_media":7554,"template":"","meta":{"site-sidebar-layout":"default","site-content-layout":"","ast-site-content-layout":"default","site-content-style":"default","site-sidebar-style":"default","ast-global-header-display":"","ast-banner-title-visibility":"","ast-main-header-display":"","ast-hfb-above-header-display":"","ast-hfb-below-header-display":"","ast-hfb-mobile-header-display":"","site-post-title":"","ast-breadcrumbs-content":"","ast-featured-img":"","footer-sml-layout":"","theme-transparent-header-meta":"default","adv-header-id-meta":"","stick-header-meta":"","header-above-stick-meta":"","header-main-stick-meta":"","header-below-stick-meta":"","astra-migrate-meta-layouts":"set","ast-page-background-enabled":"default","ast-page-background-meta":{"desktop":{"background-color":"","background-image":"","background-repeat":"repeat","background-position":"center center","background-size":"auto","background-attachment":"scroll","background-type":"","background-media":"","overlay-type":"","overlay-color":"","overlay-opacity":"","overlay-gradient":""},"tablet":{"background-color":"","background-image":"","background-repeat":"repeat","background-position":"center center","background-size":"auto","background-attachment":"scroll","background-type":"","background-media":"","overlay-type":"","overlay-color":"","overlay-opacity":"","overlay-gradient":""},"mobile":{"background-color":"","background-image":"","background-repeat":"repeat","background-position":"center center","background-size":"auto","background-attachment":"scroll","background-type":"","background-media":"","overlay-type":"","overlay-color":"","overlay-opacity":"","overlay-gradient":""}},"ast-content-background-meta":{"desktop":{"background-color":"var(--ast-global-color-5)","background-image":"","background-repeat":"repeat","background-position":"center center","background-size":"auto","background-attachment":"scroll","background-type":"","background-media":"","overlay-type":"","overlay-color":"","overlay-opacity":"","overlay-gradient":""},"tablet":{"background-color":"var(--ast-global-color-5)","background-image":"","background-repeat":"repeat","background-position":"center center","background-size":"auto","background-attachment":"scroll","background-type":"","background-media":"","overlay-type":"","overlay-color":"","overlay-opacity":"","overlay-gradient":""},"mobile":{"background-color":"var(--ast-global-color-5)","background-image":"","background-repeat":"repeat","background-position":"center center","background-size":"auto","background-attachment":"scroll","background-type":"","background-media":"","overlay-type":"","overlay-color":"","overlay-opacity":"","overlay-gradient":""}}},"product_brand":[],"product_cat":[379],"product_tag":[327],"class_list":{"0":"post-7536","1":"product","2":"type-product","3":"status-publish","4":"has-post-thumbnail","6":"product_cat-crea-tu-caja-para-comer-por-unidades","7":"product_tag-con-jamon","8":"desktop-align-left","9":"tablet-align-left","10":"mobile-align-left","12":"first","13":"instock","14":"purchasable","15":"product-type-simple"},"_links":{"self":[{"href":"https:\/\/valencia.rcater.es\/en\/wp-json\/wp\/v2\/product\/7536","targetHints":{"allow":["GET"]}}],"collection":[{"href":"https:\/\/valencia.rcater.es\/en\/wp-json\/wp\/v2\/product"}],"about":[{"href":"https:\/\/valencia.rcater.es\/en\/wp-json\/wp\/v2\/types\/product"}],"version-history":[{"count":2,"href":"https:\/\/valencia.rcater.es\/en\/wp-json\/wp\/v2\/product\/7536\/revisions"}],"predecessor-version":[{"id":7555,"href":"https:\/\/valencia.rcater.es\/en\/wp-json\/wp\/v2\/product\/7536\/revisions\/7555"}],"wp:featuredmedia":[{"embeddable":true,"href":"https:\/\/valencia.rcater.es\/en\/wp-json\/wp\/v2\/media\/7554"}],"wp:attachment":[{"href":"https:\/\/valencia.rcater.es\/en\/wp-json\/wp\/v2\/media?parent=7536"}],"wp:term":[{"taxonomy":"product_brand","embeddable":true,"href":"https:\/\/valencia.rcater.es\/en\/wp-json\/wp\/v2\/product_brand?post=7536"},{"taxonomy":"product_cat","embeddable":true,"href":"https:\/\/valencia.rcater.es\/en\/wp-json\/wp\/v2\/product_cat?post=7536"},{"taxonomy":"product_tag","embeddable":true,"href":"https:\/\/valencia.rcater.es\/en\/wp-json\/wp\/v2\/product_tag?post=7536"}],"curies":[{"name":"wp","href":"https:\/\/api.w.org\/{rel}","templated":true}]}}