{"id":7574,"date":"2025-11-03T14:42:00","date_gmt":"2025-11-03T14:42:00","guid":{"rendered":"https:\/\/valencia.rcater.es\/product\/mini-quiche-de-bacon-pieza-minimo-4-uds\/"},"modified":"2025-11-26T11:23:40","modified_gmt":"2025-11-26T11:23:40","slug":"mini-quiche-de-bacon-pieza-minimo-4-uds","status":"publish","type":"product","link":"https:\/\/valencia.rcater.es\/en\/product\/mini-quiche-de-bacon-pieza-minimo-4-uds\/","title":{"rendered":"Mini Quiche de Bacon \u2014 pieza (m\u00ednimo 4 uds)"},"content":{"rendered":"<p>Mini quiche salada de bacon: bocado crujiente por fuera y cremoso por dentro. Perfecta para c\u00f3cteles, coffee breaks y bandejas de picoteo en Valencia.<\/p>\n<p>Elaborada a diario en el obrador de Real Catering Valencia. <strong>Pedido m\u00ednimo: 4 unidades<\/strong>.<\/p>\n<h4>Incluye<\/h4>\n<ul>\n<li>Mini quiche de bacon.<\/li>\n<\/ul>\n<p class=\"legal\">Al\u00e9rgenos (UE 1169\/2011): gluten, leche, huevo. Puede contener trazas de frutos secos, soja y s\u00e9samo.<\/p>","protected":false},"excerpt":{"rendered":"<p>Mini quiche salada de bacon: bocado crujiente por fuera y cremoso por dentro. Perfecta para c\u00f3cteles, coffee breaks y bandejas de picoteo en . Elaborada a diario en el obrador de Real Catering . Pedido m\u00ednimo: 4 unidades. Incluye Mini quiche de bacon. Al\u00e9rgenos (UE 1169\/2011): gluten, leche, huevo. Puede contener trazas de frutos secos, [&hellip;]<\/p>","protected":false},"featured_media":7602,"template":"","meta":{"site-sidebar-layout":"default","site-content-layout":"","ast-site-content-layout":"default","site-content-style":"default","site-sidebar-style":"default","ast-global-header-display":"","ast-banner-title-visibility":"","ast-main-header-display":"","ast-hfb-above-header-display":"","ast-hfb-below-header-display":"","ast-hfb-mobile-header-display":"","site-post-title":"","ast-breadcrumbs-content":"","ast-featured-img":"","footer-sml-layout":"","theme-transparent-header-meta":"default","adv-header-id-meta":"","stick-header-meta":"","header-above-stick-meta":"","header-main-stick-meta":"","header-below-stick-meta":"","astra-migrate-meta-layouts":"set","ast-page-background-enabled":"default","ast-page-background-meta":{"desktop":{"background-color":"","background-image":"","background-repeat":"repeat","background-position":"center center","background-size":"auto","background-attachment":"scroll","background-type":"","background-media":"","overlay-type":"","overlay-color":"","overlay-opacity":"","overlay-gradient":""},"tablet":{"background-color":"","background-image":"","background-repeat":"repeat","background-position":"center center","background-size":"auto","background-attachment":"scroll","background-type":"","background-media":"","overlay-type":"","overlay-color":"","overlay-opacity":"","overlay-gradient":""},"mobile":{"background-color":"","background-image":"","background-repeat":"repeat","background-position":"center center","background-size":"auto","background-attachment":"scroll","background-type":"","background-media":"","overlay-type":"","overlay-color":"","overlay-opacity":"","overlay-gradient":""}},"ast-content-background-meta":{"desktop":{"background-color":"var(--ast-global-color-5)","background-image":"","background-repeat":"repeat","background-position":"center center","background-size":"auto","background-attachment":"scroll","background-type":"","background-media":"","overlay-type":"","overlay-color":"","overlay-opacity":"","overlay-gradient":""},"tablet":{"background-color":"var(--ast-global-color-5)","background-image":"","background-repeat":"repeat","background-position":"center center","background-size":"auto","background-attachment":"scroll","background-type":"","background-media":"","overlay-type":"","overlay-color":"","overlay-opacity":"","overlay-gradient":""},"mobile":{"background-color":"var(--ast-global-color-5)","background-image":"","background-repeat":"repeat","background-position":"center center","background-size":"auto","background-attachment":"scroll","background-type":"","background-media":"","overlay-type":"","overlay-color":"","overlay-opacity":"","overlay-gradient":""}}},"product_brand":[],"product_cat":[379,285],"product_tag":[201],"class_list":{"0":"post-7574","1":"product","2":"type-product","3":"status-publish","4":"has-post-thumbnail","6":"product_cat-crea-tu-caja-para-comer-por-unidades","7":"product_cat-desayunos-brunch","8":"product_tag-coffee-break","9":"desktop-align-left","10":"tablet-align-left","11":"mobile-align-left","13":"first","14":"instock","15":"purchasable","16":"product-type-simple"},"_links":{"self":[{"href":"https:\/\/valencia.rcater.es\/en\/wp-json\/wp\/v2\/product\/7574","targetHints":{"allow":["GET"]}}],"collection":[{"href":"https:\/\/valencia.rcater.es\/en\/wp-json\/wp\/v2\/product"}],"about":[{"href":"https:\/\/valencia.rcater.es\/en\/wp-json\/wp\/v2\/types\/product"}],"version-history":[{"count":2,"href":"https:\/\/valencia.rcater.es\/en\/wp-json\/wp\/v2\/product\/7574\/revisions"}],"predecessor-version":[{"id":7603,"href":"https:\/\/valencia.rcater.es\/en\/wp-json\/wp\/v2\/product\/7574\/revisions\/7603"}],"wp:featuredmedia":[{"embeddable":true,"href":"https:\/\/valencia.rcater.es\/en\/wp-json\/wp\/v2\/media\/7602"}],"wp:attachment":[{"href":"https:\/\/valencia.rcater.es\/en\/wp-json\/wp\/v2\/media?parent=7574"}],"wp:term":[{"taxonomy":"product_brand","embeddable":true,"href":"https:\/\/valencia.rcater.es\/en\/wp-json\/wp\/v2\/product_brand?post=7574"},{"taxonomy":"product_cat","embeddable":true,"href":"https:\/\/valencia.rcater.es\/en\/wp-json\/wp\/v2\/product_cat?post=7574"},{"taxonomy":"product_tag","embeddable":true,"href":"https:\/\/valencia.rcater.es\/en\/wp-json\/wp\/v2\/product_tag?post=7574"}],"curies":[{"name":"wp","href":"https:\/\/api.w.org\/{rel}","templated":true}]}}