{"id":7619,"date":"2025-11-04T12:36:00","date_gmt":"2025-11-04T12:36:00","guid":{"rendered":"https:\/\/valencia.rcater.es\/product\/set-de-tapas-milan-40-uds\/"},"modified":"2025-11-26T10:30:07","modified_gmt":"2025-11-26T10:30:07","slug":"set-de-tapas-milan-40-uds","status":"publish","type":"product","link":"https:\/\/valencia.rcater.es\/en\/product\/set-de-tapas-milan-40-uds\/","title":{"rendered":"Set of Milan Covers (40 pcs)"},"content":{"rendered":"<p>Set de tapas <strong>Mil\u00e1n<\/strong> (40 unidades): selecci\u00f3n elegante y equilibrada para c\u00f3cteles, recepciones y coffee breaks en Valencia.<\/p>\n<p>Elaborado a diario en el obrador de Real Catering Valencia con ingredientes frescos.<\/p>\n<h4>Incluye<\/h4>\n<ul>\n<li>10 uds \u2014 tapa de queso azul (dorblu) con uva.<\/li>\n<li>10 uds \u2014 tapa de brie con ciruela pasa y nuez.<\/li>\n<li>10 uds \u2014 Tartaleta de at\u00fan con gajo de naranja.<\/li>\n<li>10 uds \u2014 tapa de tomate cherry con mozzarella, chorizo y albahaca.<\/li>\n<\/ul>\n<p class=\"legal\">Al\u00e9rgenos (UE 1169\/2011): gluten (tartaleta), leche (quesos), frutos secos (nuez), pescado (at\u00fan). Puede contener trazas de huevo, soja y s\u00e9samo.<\/p>","protected":false},"excerpt":{"rendered":"<p>Set de tapas Mil\u00e1n (40 unidades): selecci\u00f3n elegante y equilibrada para c\u00f3cteles, recepciones y coffee breaks en . Elaborado a diario en el obrador de Real Catering con ingredientes frescos. Incluye 10 uds \u2014 tapa de queso azul (dorblu) con uva. 10 uds \u2014 tapa de brie con ciruela pasa y nuez. 10 uds \u2014 [&hellip;]<\/p>","protected":false},"featured_media":7653,"template":"","meta":{"site-sidebar-layout":"default","site-content-layout":"","ast-site-content-layout":"default","site-content-style":"default","site-sidebar-style":"default","ast-global-header-display":"","ast-banner-title-visibility":"","ast-main-header-display":"","ast-hfb-above-header-display":"","ast-hfb-below-header-display":"","ast-hfb-mobile-header-display":"","site-post-title":"","ast-breadcrumbs-content":"","ast-featured-img":"","footer-sml-layout":"","theme-transparent-header-meta":"default","adv-header-id-meta":"","stick-header-meta":"","header-above-stick-meta":"","header-main-stick-meta":"","header-below-stick-meta":"","astra-migrate-meta-layouts":"set","ast-page-background-enabled":"default","ast-page-background-meta":{"desktop":{"background-color":"","background-image":"","background-repeat":"repeat","background-position":"center center","background-size":"auto","background-attachment":"scroll","background-type":"","background-media":"","overlay-type":"","overlay-color":"","overlay-opacity":"","overlay-gradient":""},"tablet":{"background-color":"","background-image":"","background-repeat":"repeat","background-position":"center center","background-size":"auto","background-attachment":"scroll","background-type":"","background-media":"","overlay-type":"","overlay-color":"","overlay-opacity":"","overlay-gradient":""},"mobile":{"background-color":"","background-image":"","background-repeat":"repeat","background-position":"center center","background-size":"auto","background-attachment":"scroll","background-type":"","background-media":"","overlay-type":"","overlay-color":"","overlay-opacity":"","overlay-gradient":""}},"ast-content-background-meta":{"desktop":{"background-color":"var(--ast-global-color-5)","background-image":"","background-repeat":"repeat","background-position":"center center","background-size":"auto","background-attachment":"scroll","background-type":"","background-media":"","overlay-type":"","overlay-color":"","overlay-opacity":"","overlay-gradient":""},"tablet":{"background-color":"var(--ast-global-color-5)","background-image":"","background-repeat":"repeat","background-position":"center center","background-size":"auto","background-attachment":"scroll","background-type":"","background-media":"","overlay-type":"","overlay-color":"","overlay-opacity":"","overlay-gradient":""},"mobile":{"background-color":"var(--ast-global-color-5)","background-image":"","background-repeat":"repeat","background-position":"center center","background-size":"auto","background-attachment":"scroll","background-type":"","background-media":"","overlay-type":"","overlay-color":"","overlay-opacity":"","overlay-gradient":""}}},"product_brand":[],"product_cat":[378],"product_tag":[201],"class_list":{"0":"post-7619","1":"product","2":"type-product","3":"status-publish","4":"has-post-thumbnail","6":"product_cat-bandejas-gourmet-aperitivos-bonitos","7":"product_tag-coffee-break","8":"desktop-align-left","9":"tablet-align-left","10":"mobile-align-left","12":"first","13":"instock","14":"featured","15":"purchasable","16":"product-type-simple"},"_links":{"self":[{"href":"https:\/\/valencia.rcater.es\/en\/wp-json\/wp\/v2\/product\/7619","targetHints":{"allow":["GET"]}}],"collection":[{"href":"https:\/\/valencia.rcater.es\/en\/wp-json\/wp\/v2\/product"}],"about":[{"href":"https:\/\/valencia.rcater.es\/en\/wp-json\/wp\/v2\/types\/product"}],"version-history":[{"count":2,"href":"https:\/\/valencia.rcater.es\/en\/wp-json\/wp\/v2\/product\/7619\/revisions"}],"predecessor-version":[{"id":7654,"href":"https:\/\/valencia.rcater.es\/en\/wp-json\/wp\/v2\/product\/7619\/revisions\/7654"}],"wp:featuredmedia":[{"embeddable":true,"href":"https:\/\/valencia.rcater.es\/en\/wp-json\/wp\/v2\/media\/7653"}],"wp:attachment":[{"href":"https:\/\/valencia.rcater.es\/en\/wp-json\/wp\/v2\/media?parent=7619"}],"wp:term":[{"taxonomy":"product_brand","embeddable":true,"href":"https:\/\/valencia.rcater.es\/en\/wp-json\/wp\/v2\/product_brand?post=7619"},{"taxonomy":"product_cat","embeddable":true,"href":"https:\/\/valencia.rcater.es\/en\/wp-json\/wp\/v2\/product_cat?post=7619"},{"taxonomy":"product_tag","embeddable":true,"href":"https:\/\/valencia.rcater.es\/en\/wp-json\/wp\/v2\/product_tag?post=7619"}],"curies":[{"name":"wp","href":"https:\/\/api.w.org\/{rel}","templated":true}]}}