{"id":7621,"date":"2025-11-04T12:36:00","date_gmt":"2025-11-04T12:36:00","guid":{"rendered":"https:\/\/valencia.rcater.es\/product\/tapas-de-langostino-tigre-con-mango-10-uds\/"},"modified":"2025-11-26T10:29:51","modified_gmt":"2025-11-26T10:29:51","slug":"tapas-de-langostino-tigre-con-mango-10-uds","status":"publish","type":"product","link":"https:\/\/valencia.rcater.es\/en\/product\/tapas-de-langostino-tigre-con-mango-10-uds\/","title":{"rendered":"tapas de Langostino Tigre con Mango (10 uds)"},"content":{"rendered":"<p>tapas de langostino tigre con esfera de mango y toque de jengibre encurtido: bocado fresco, arom\u00e1tico y muy vistoso para c\u00f3cteles y recepciones en Valencia.<\/p>\n<p>Elaborados a diario en el obrador de Real Catering Valencia. Presentaci\u00f3n en bandeja, listos para servir.<\/p>\n<h4>Incluye<\/h4>\n<ul>\n<li>Langostino tigre cocido.<\/li>\n<li>Esfera\/bolita de mango.<\/li>\n<li>Jengibre encurtido (toque c\u00edtrico\u2011picante).<\/li>\n<li>Base de tapa y microbrotes.<\/li>\n<\/ul>\n<p class=\"legal\">Al\u00e9rgenos (UE 1169\/2011): crust\u00e1ceos. Puede contener trazas de gluten, soja, s\u00e9samo, frutos secos, huevo, leche y pescado.<\/p>","protected":false},"excerpt":{"rendered":"<p>tapas de langostino tigre con esfera de mango y toque de jengibre encurtido: bocado fresco, arom\u00e1tico y muy vistoso para c\u00f3cteles y recepciones en . Elaborados a diario en el obrador de Real Catering . Presentaci\u00f3n en bandeja, listos para servir. Incluye Langostino tigre cocido. Esfera\/bolita de mango. Jengibre encurtido (toque c\u00edtrico\u2011picante). Base de tapa [&hellip;]<\/p>","protected":false},"featured_media":7647,"template":"","meta":{"site-sidebar-layout":"default","site-content-layout":"","ast-site-content-layout":"default","site-content-style":"default","site-sidebar-style":"default","ast-global-header-display":"","ast-banner-title-visibility":"","ast-main-header-display":"","ast-hfb-above-header-display":"","ast-hfb-below-header-display":"","ast-hfb-mobile-header-display":"","site-post-title":"","ast-breadcrumbs-content":"","ast-featured-img":"","footer-sml-layout":"","theme-transparent-header-meta":"default","adv-header-id-meta":"","stick-header-meta":"","header-above-stick-meta":"","header-main-stick-meta":"","header-below-stick-meta":"","astra-migrate-meta-layouts":"set","ast-page-background-enabled":"default","ast-page-background-meta":{"desktop":{"background-color":"","background-image":"","background-repeat":"repeat","background-position":"center center","background-size":"auto","background-attachment":"scroll","background-type":"","background-media":"","overlay-type":"","overlay-color":"","overlay-opacity":"","overlay-gradient":""},"tablet":{"background-color":"","background-image":"","background-repeat":"repeat","background-position":"center center","background-size":"auto","background-attachment":"scroll","background-type":"","background-media":"","overlay-type":"","overlay-color":"","overlay-opacity":"","overlay-gradient":""},"mobile":{"background-color":"","background-image":"","background-repeat":"repeat","background-position":"center center","background-size":"auto","background-attachment":"scroll","background-type":"","background-media":"","overlay-type":"","overlay-color":"","overlay-opacity":"","overlay-gradient":""}},"ast-content-background-meta":{"desktop":{"background-color":"var(--ast-global-color-5)","background-image":"","background-repeat":"repeat","background-position":"center center","background-size":"auto","background-attachment":"scroll","background-type":"","background-media":"","overlay-type":"","overlay-color":"","overlay-opacity":"","overlay-gradient":""},"tablet":{"background-color":"var(--ast-global-color-5)","background-image":"","background-repeat":"repeat","background-position":"center center","background-size":"auto","background-attachment":"scroll","background-type":"","background-media":"","overlay-type":"","overlay-color":"","overlay-opacity":"","overlay-gradient":""},"mobile":{"background-color":"var(--ast-global-color-5)","background-image":"","background-repeat":"repeat","background-position":"center center","background-size":"auto","background-attachment":"scroll","background-type":"","background-media":"","overlay-type":"","overlay-color":"","overlay-opacity":"","overlay-gradient":""}}},"product_brand":[],"product_cat":[378],"product_tag":[201,329],"class_list":{"0":"post-7621","1":"product","2":"type-product","3":"status-publish","4":"has-post-thumbnail","6":"product_cat-bandejas-gourmet-aperitivos-bonitos","7":"product_tag-coffee-break","8":"product_tag-marisco","9":"desktop-align-left","10":"tablet-align-left","11":"mobile-align-left","13":"first","14":"instock","15":"purchasable","16":"product-type-simple"},"_links":{"self":[{"href":"https:\/\/valencia.rcater.es\/en\/wp-json\/wp\/v2\/product\/7621","targetHints":{"allow":["GET"]}}],"collection":[{"href":"https:\/\/valencia.rcater.es\/en\/wp-json\/wp\/v2\/product"}],"about":[{"href":"https:\/\/valencia.rcater.es\/en\/wp-json\/wp\/v2\/types\/product"}],"version-history":[{"count":2,"href":"https:\/\/valencia.rcater.es\/en\/wp-json\/wp\/v2\/product\/7621\/revisions"}],"predecessor-version":[{"id":7648,"href":"https:\/\/valencia.rcater.es\/en\/wp-json\/wp\/v2\/product\/7621\/revisions\/7648"}],"wp:featuredmedia":[{"embeddable":true,"href":"https:\/\/valencia.rcater.es\/en\/wp-json\/wp\/v2\/media\/7647"}],"wp:attachment":[{"href":"https:\/\/valencia.rcater.es\/en\/wp-json\/wp\/v2\/media?parent=7621"}],"wp:term":[{"taxonomy":"product_brand","embeddable":true,"href":"https:\/\/valencia.rcater.es\/en\/wp-json\/wp\/v2\/product_brand?post=7621"},{"taxonomy":"product_cat","embeddable":true,"href":"https:\/\/valencia.rcater.es\/en\/wp-json\/wp\/v2\/product_cat?post=7621"},{"taxonomy":"product_tag","embeddable":true,"href":"https:\/\/valencia.rcater.es\/en\/wp-json\/wp\/v2\/product_tag?post=7621"}],"curies":[{"name":"wp","href":"https:\/\/api.w.org\/{rel}","templated":true}]}}