{"id":7625,"date":"2025-11-04T12:36:00","date_gmt":"2025-11-04T12:36:00","guid":{"rendered":"https:\/\/valencia.rcater.es\/product\/tapas-de-jamon-curado-con-grissini-10-uds\/"},"modified":"2025-11-26T10:30:40","modified_gmt":"2025-11-26T10:30:40","slug":"tapas-de-jamon-curado-con-grissini-10-uds","status":"publish","type":"product","link":"https:\/\/valencia.rcater.es\/en\/product\/tapas-de-jamon-curado-con-grissini-10-uds\/","title":{"rendered":"tapas de Jam\u00f3n Curado con Grissini (10 uds)"},"content":{"rendered":"<p>tapas de jam\u00f3n curado enrollado en grissini (colines): bocado crujiente y cl\u00e1sico, ideal para c\u00f3cteles, recepciones y bandejas de picoteo en Valencia.<\/p>\n<p>Elaborados a diario en el obrador de Real Catering Valencia. Presentaci\u00f3n en bandeja, listos para servir.<\/p>\n<h4>Incluye<\/h4>\n<ul>\n<li>Jam\u00f3n curado.<\/li>\n<li>Grissini (colines).<\/li>\n<\/ul>\n<p class=\"legal\">Al\u00e9rgenos (UE 1169\/2011): gluten (grissini\/colines). Puede contener trazas de leche, huevo, frutos secos, soja y s\u00e9samo.<\/p>","protected":false},"excerpt":{"rendered":"<p>tapas de jam\u00f3n curado enrollado en grissini (colines): bocado crujiente y cl\u00e1sico, ideal para c\u00f3cteles, recepciones y bandejas de picoteo en . Elaborados a diario en el obrador de Real Catering . Presentaci\u00f3n en bandeja, listos para servir. Incluye Jam\u00f3n curado. Grissini (colines). Al\u00e9rgenos (UE 1169\/2011): gluten (grissini\/colines). Puede contener trazas de leche, huevo, frutos [&hellip;]<\/p>","protected":false},"featured_media":7657,"template":"","meta":{"site-sidebar-layout":"default","site-content-layout":"","ast-site-content-layout":"default","site-content-style":"default","site-sidebar-style":"default","ast-global-header-display":"","ast-banner-title-visibility":"","ast-main-header-display":"","ast-hfb-above-header-display":"","ast-hfb-below-header-display":"","ast-hfb-mobile-header-display":"","site-post-title":"","ast-breadcrumbs-content":"","ast-featured-img":"","footer-sml-layout":"","theme-transparent-header-meta":"default","adv-header-id-meta":"","stick-header-meta":"","header-above-stick-meta":"","header-main-stick-meta":"","header-below-stick-meta":"","astra-migrate-meta-layouts":"set","ast-page-background-enabled":"default","ast-page-background-meta":{"desktop":{"background-color":"","background-image":"","background-repeat":"repeat","background-position":"center center","background-size":"auto","background-attachment":"scroll","background-type":"","background-media":"","overlay-type":"","overlay-color":"","overlay-opacity":"","overlay-gradient":""},"tablet":{"background-color":"","background-image":"","background-repeat":"repeat","background-position":"center center","background-size":"auto","background-attachment":"scroll","background-type":"","background-media":"","overlay-type":"","overlay-color":"","overlay-opacity":"","overlay-gradient":""},"mobile":{"background-color":"","background-image":"","background-repeat":"repeat","background-position":"center center","background-size":"auto","background-attachment":"scroll","background-type":"","background-media":"","overlay-type":"","overlay-color":"","overlay-opacity":"","overlay-gradient":""}},"ast-content-background-meta":{"desktop":{"background-color":"var(--ast-global-color-5)","background-image":"","background-repeat":"repeat","background-position":"center center","background-size":"auto","background-attachment":"scroll","background-type":"","background-media":"","overlay-type":"","overlay-color":"","overlay-opacity":"","overlay-gradient":""},"tablet":{"background-color":"var(--ast-global-color-5)","background-image":"","background-repeat":"repeat","background-position":"center center","background-size":"auto","background-attachment":"scroll","background-type":"","background-media":"","overlay-type":"","overlay-color":"","overlay-opacity":"","overlay-gradient":""},"mobile":{"background-color":"var(--ast-global-color-5)","background-image":"","background-repeat":"repeat","background-position":"center center","background-size":"auto","background-attachment":"scroll","background-type":"","background-media":"","overlay-type":"","overlay-color":"","overlay-opacity":"","overlay-gradient":""}}},"product_brand":[],"product_cat":[378],"product_tag":[201,327],"class_list":{"0":"post-7625","1":"product","2":"type-product","3":"status-publish","4":"has-post-thumbnail","6":"product_cat-bandejas-gourmet-aperitivos-bonitos","7":"product_tag-coffee-break","8":"product_tag-con-jamon","9":"desktop-align-left","10":"tablet-align-left","11":"mobile-align-left","13":"first","14":"instock","15":"purchasable","16":"product-type-simple"},"_links":{"self":[{"href":"https:\/\/valencia.rcater.es\/en\/wp-json\/wp\/v2\/product\/7625","targetHints":{"allow":["GET"]}}],"collection":[{"href":"https:\/\/valencia.rcater.es\/en\/wp-json\/wp\/v2\/product"}],"about":[{"href":"https:\/\/valencia.rcater.es\/en\/wp-json\/wp\/v2\/types\/product"}],"version-history":[{"count":2,"href":"https:\/\/valencia.rcater.es\/en\/wp-json\/wp\/v2\/product\/7625\/revisions"}],"predecessor-version":[{"id":7658,"href":"https:\/\/valencia.rcater.es\/en\/wp-json\/wp\/v2\/product\/7625\/revisions\/7658"}],"wp:featuredmedia":[{"embeddable":true,"href":"https:\/\/valencia.rcater.es\/en\/wp-json\/wp\/v2\/media\/7657"}],"wp:attachment":[{"href":"https:\/\/valencia.rcater.es\/en\/wp-json\/wp\/v2\/media?parent=7625"}],"wp:term":[{"taxonomy":"product_brand","embeddable":true,"href":"https:\/\/valencia.rcater.es\/en\/wp-json\/wp\/v2\/product_brand?post=7625"},{"taxonomy":"product_cat","embeddable":true,"href":"https:\/\/valencia.rcater.es\/en\/wp-json\/wp\/v2\/product_cat?post=7625"},{"taxonomy":"product_tag","embeddable":true,"href":"https:\/\/valencia.rcater.es\/en\/wp-json\/wp\/v2\/product_tag?post=7625"}],"curies":[{"name":"wp","href":"https:\/\/api.w.org\/{rel}","templated":true}]}}