{"id":7633,"date":"2025-11-04T12:36:00","date_gmt":"2025-11-04T12:36:00","guid":{"rendered":"https:\/\/valencia.rcater.es\/product\/ensalada-griega-con-queso-feta-15-uds\/"},"modified":"2025-11-26T10:31:48","modified_gmt":"2025-11-26T10:31:48","slug":"ensalada-griega-con-queso-feta-15-uds","status":"publish","type":"product","link":"https:\/\/valencia.rcater.es\/en\/product\/ensalada-griega-con-queso-feta-15-uds\/","title":{"rendered":"Ensalada Griega con Queso Feta (15 uds)"},"content":{"rendered":"<p>Ensalada griega con queso feta: fresca, crujiente y lista para servir en formato catering, perfecta para bandejas fr\u00edas, reuniones y coffee breaks en Valencia.<\/p>\n<p>Elaborada a diario en el obrador de Real Catering Valencia con ingredientes seleccionados.<\/p>\n<h4>Incluye<\/h4>\n<ul>\n<li>Tomates cherry.<\/li>\n<li>Pepino fresco.<\/li>\n<li>Pimiento (tipo pimiento morr\u00f3n).<\/li>\n<li>Lechuga iceberg.<\/li>\n<li>Queso feta.<\/li>\n<li>Ali\u00f1o de lim\u00f3n y miel (AOVE).<\/li>\n<\/ul>\n<p class=\"legal\">Al\u00e9rgenos (UE 1169\/2011): leche (queso feta). Puede contener trazas de gluten, huevo, frutos secos, soja y s\u00e9samo.<\/p>","protected":false},"excerpt":{"rendered":"<p>Ensalada griega con queso feta: fresca, crujiente y lista para servir en formato catering, perfecta para bandejas fr\u00edas, reuniones y coffee breaks en . Elaborada a diario en el obrador de Real Catering con ingredientes seleccionados. Incluye Tomates cherry. Pepino fresco. Pimiento (tipo pimiento morr\u00f3n). Lechuga iceberg. Queso feta. Ali\u00f1o de lim\u00f3n y miel (AOVE). [&hellip;]<\/p>","protected":false},"featured_media":7643,"template":"","meta":{"site-sidebar-layout":"default","site-content-layout":"","ast-site-content-layout":"default","site-content-style":"default","site-sidebar-style":"default","ast-global-header-display":"","ast-banner-title-visibility":"","ast-main-header-display":"","ast-hfb-above-header-display":"","ast-hfb-below-header-display":"","ast-hfb-mobile-header-display":"","site-post-title":"","ast-breadcrumbs-content":"","ast-featured-img":"","footer-sml-layout":"","theme-transparent-header-meta":"default","adv-header-id-meta":"","stick-header-meta":"","header-above-stick-meta":"","header-main-stick-meta":"","header-below-stick-meta":"","astra-migrate-meta-layouts":"set","ast-page-background-enabled":"default","ast-page-background-meta":{"desktop":{"background-color":"","background-image":"","background-repeat":"repeat","background-position":"center center","background-size":"auto","background-attachment":"scroll","background-type":"","background-media":"","overlay-type":"","overlay-color":"","overlay-opacity":"","overlay-gradient":""},"tablet":{"background-color":"","background-image":"","background-repeat":"repeat","background-position":"center center","background-size":"auto","background-attachment":"scroll","background-type":"","background-media":"","overlay-type":"","overlay-color":"","overlay-opacity":"","overlay-gradient":""},"mobile":{"background-color":"","background-image":"","background-repeat":"repeat","background-position":"center center","background-size":"auto","background-attachment":"scroll","background-type":"","background-media":"","overlay-type":"","overlay-color":"","overlay-opacity":"","overlay-gradient":""}},"ast-content-background-meta":{"desktop":{"background-color":"var(--ast-global-color-5)","background-image":"","background-repeat":"repeat","background-position":"center center","background-size":"auto","background-attachment":"scroll","background-type":"","background-media":"","overlay-type":"","overlay-color":"","overlay-opacity":"","overlay-gradient":""},"tablet":{"background-color":"var(--ast-global-color-5)","background-image":"","background-repeat":"repeat","background-position":"center center","background-size":"auto","background-attachment":"scroll","background-type":"","background-media":"","overlay-type":"","overlay-color":"","overlay-opacity":"","overlay-gradient":""},"mobile":{"background-color":"var(--ast-global-color-5)","background-image":"","background-repeat":"repeat","background-position":"center center","background-size":"auto","background-attachment":"scroll","background-type":"","background-media":"","overlay-type":"","overlay-color":"","overlay-opacity":"","overlay-gradient":""}}},"product_brand":[],"product_cat":[378,301],"product_tag":[106],"class_list":{"0":"post-7633","1":"product","2":"type-product","3":"status-publish","4":"has-post-thumbnail","6":"product_cat-bandejas-gourmet-aperitivos-bonitos","7":"product_cat-ensaladas-bowls","8":"product_tag-vegetariano","9":"desktop-align-left","10":"tablet-align-left","11":"mobile-align-left","13":"first","14":"instock","15":"purchasable","16":"product-type-simple"},"_links":{"self":[{"href":"https:\/\/valencia.rcater.es\/en\/wp-json\/wp\/v2\/product\/7633","targetHints":{"allow":["GET"]}}],"collection":[{"href":"https:\/\/valencia.rcater.es\/en\/wp-json\/wp\/v2\/product"}],"about":[{"href":"https:\/\/valencia.rcater.es\/en\/wp-json\/wp\/v2\/types\/product"}],"version-history":[{"count":2,"href":"https:\/\/valencia.rcater.es\/en\/wp-json\/wp\/v2\/product\/7633\/revisions"}],"predecessor-version":[{"id":7644,"href":"https:\/\/valencia.rcater.es\/en\/wp-json\/wp\/v2\/product\/7633\/revisions\/7644"}],"wp:featuredmedia":[{"embeddable":true,"href":"https:\/\/valencia.rcater.es\/en\/wp-json\/wp\/v2\/media\/7643"}],"wp:attachment":[{"href":"https:\/\/valencia.rcater.es\/en\/wp-json\/wp\/v2\/media?parent=7633"}],"wp:term":[{"taxonomy":"product_brand","embeddable":true,"href":"https:\/\/valencia.rcater.es\/en\/wp-json\/wp\/v2\/product_brand?post=7633"},{"taxonomy":"product_cat","embeddable":true,"href":"https:\/\/valencia.rcater.es\/en\/wp-json\/wp\/v2\/product_cat?post=7633"},{"taxonomy":"product_tag","embeddable":true,"href":"https:\/\/valencia.rcater.es\/en\/wp-json\/wp\/v2\/product_tag?post=7633"}],"curies":[{"name":"wp","href":"https:\/\/api.w.org\/{rel}","templated":true}]}}