{"id":7673,"date":"2025-11-05T12:08:03","date_gmt":"2025-11-05T12:08:03","guid":{"rendered":"https:\/\/valencia.rcater.es\/product\/tapas-de-fruta-variada-15-uds\/"},"modified":"2025-11-26T10:51:24","modified_gmt":"2025-11-26T10:51:24","slug":"tapas-de-fruta-variada-15-uds","status":"publish","type":"product","link":"https:\/\/valencia.rcater.es\/en\/product\/tapas-de-fruta-variada-15-uds\/","title":{"rendered":"Tapas de Fruta Variada (15 uds)"},"content":{"rendered":"<p>Tapas de fruta variada: bocados frescos, coloridos y muy vistosos para c\u00f3cteles, coffee breaks y recepciones en Valencia.<\/p>\n<p>Elaboradas a diario en el obrador de Real Catering Valencia. Presentaci\u00f3n en bandeja, listas para servir.<\/p>\n<h4>Incluye<\/h4>\n<ul>\n<li>Uva, pi\u00f1a, fresa, mel\u00f3n y mango (seg\u00fan temporada).<\/li>\n<li>Montaje en palillo\/brocheta mini para un servicio c\u00f3modo.<\/li>\n<\/ul>\n<p class=\"legal\">Al\u00e9rgenos (UE 1169\/2011): no contiene al\u00e9rgenos declarables. Puede contener trazas de frutos secos, soja y s\u00e9samo.<\/p>","protected":false},"excerpt":{"rendered":"<p>Tapas de fruta variada: bocados frescos, coloridos y muy vistosos para c\u00f3cteles, coffee breaks y recepciones en . Elaboradas a diario en el obrador de Real Catering . Presentaci\u00f3n en bandeja, listas para servir. Incluye Uva, pi\u00f1a, fresa, mel\u00f3n y mango (seg\u00fan temporada). Montaje en palillo\/brocheta mini para un servicio c\u00f3modo. Al\u00e9rgenos (UE 1169\/2011): no [&hellip;]<\/p>","protected":false},"featured_media":7675,"template":"","meta":{"site-sidebar-layout":"default","site-content-layout":"","ast-site-content-layout":"default","site-content-style":"default","site-sidebar-style":"default","ast-global-header-display":"","ast-banner-title-visibility":"","ast-main-header-display":"","ast-hfb-above-header-display":"","ast-hfb-below-header-display":"","ast-hfb-mobile-header-display":"","site-post-title":"","ast-breadcrumbs-content":"","ast-featured-img":"","footer-sml-layout":"","theme-transparent-header-meta":"default","adv-header-id-meta":"","stick-header-meta":"","header-above-stick-meta":"","header-main-stick-meta":"","header-below-stick-meta":"","astra-migrate-meta-layouts":"set","ast-page-background-enabled":"default","ast-page-background-meta":{"desktop":{"background-color":"","background-image":"","background-repeat":"repeat","background-position":"center center","background-size":"auto","background-attachment":"scroll","background-type":"","background-media":"","overlay-type":"","overlay-color":"","overlay-opacity":"","overlay-gradient":""},"tablet":{"background-color":"","background-image":"","background-repeat":"repeat","background-position":"center center","background-size":"auto","background-attachment":"scroll","background-type":"","background-media":"","overlay-type":"","overlay-color":"","overlay-opacity":"","overlay-gradient":""},"mobile":{"background-color":"","background-image":"","background-repeat":"repeat","background-position":"center center","background-size":"auto","background-attachment":"scroll","background-type":"","background-media":"","overlay-type":"","overlay-color":"","overlay-opacity":"","overlay-gradient":""}},"ast-content-background-meta":{"desktop":{"background-color":"var(--ast-global-color-5)","background-image":"","background-repeat":"repeat","background-position":"center center","background-size":"auto","background-attachment":"scroll","background-type":"","background-media":"","overlay-type":"","overlay-color":"","overlay-opacity":"","overlay-gradient":""},"tablet":{"background-color":"var(--ast-global-color-5)","background-image":"","background-repeat":"repeat","background-position":"center center","background-size":"auto","background-attachment":"scroll","background-type":"","background-media":"","overlay-type":"","overlay-color":"","overlay-opacity":"","overlay-gradient":""},"mobile":{"background-color":"var(--ast-global-color-5)","background-image":"","background-repeat":"repeat","background-position":"center center","background-size":"auto","background-attachment":"scroll","background-type":"","background-media":"","overlay-type":"","overlay-color":"","overlay-opacity":"","overlay-gradient":""}}},"product_brand":[],"product_cat":[285,378],"product_tag":[350,345,351,346,357,355,347,349,356,348],"class_list":{"0":"post-7673","1":"product","2":"type-product","3":"status-publish","4":"has-post-thumbnail","6":"product_cat-desayunos-brunch","7":"product_cat-bandejas-gourmet-aperitivos-bonitos","8":"product_tag-aperitivo","9":"product_tag-bandeja","10":"product_tag-bocados","11":"product_tag-catering","12":"product_tag-dulce","13":"product_tag-fruta","14":"product_tag-real-catering-madrid","15":"product_tag-tapas","16":"product_tag-vegetal","17":"product_tag-xeo","18":"desktop-align-left","19":"tablet-align-left","20":"mobile-align-left","22":"first","23":"instock","24":"purchasable","25":"product-type-simple"},"_links":{"self":[{"href":"https:\/\/valencia.rcater.es\/en\/wp-json\/wp\/v2\/product\/7673","targetHints":{"allow":["GET"]}}],"collection":[{"href":"https:\/\/valencia.rcater.es\/en\/wp-json\/wp\/v2\/product"}],"about":[{"href":"https:\/\/valencia.rcater.es\/en\/wp-json\/wp\/v2\/types\/product"}],"version-history":[{"count":2,"href":"https:\/\/valencia.rcater.es\/en\/wp-json\/wp\/v2\/product\/7673\/revisions"}],"predecessor-version":[{"id":7676,"href":"https:\/\/valencia.rcater.es\/en\/wp-json\/wp\/v2\/product\/7673\/revisions\/7676"}],"wp:featuredmedia":[{"embeddable":true,"href":"https:\/\/valencia.rcater.es\/en\/wp-json\/wp\/v2\/media\/7675"}],"wp:attachment":[{"href":"https:\/\/valencia.rcater.es\/en\/wp-json\/wp\/v2\/media?parent=7673"}],"wp:term":[{"taxonomy":"product_brand","embeddable":true,"href":"https:\/\/valencia.rcater.es\/en\/wp-json\/wp\/v2\/product_brand?post=7673"},{"taxonomy":"product_cat","embeddable":true,"href":"https:\/\/valencia.rcater.es\/en\/wp-json\/wp\/v2\/product_cat?post=7673"},{"taxonomy":"product_tag","embeddable":true,"href":"https:\/\/valencia.rcater.es\/en\/wp-json\/wp\/v2\/product_tag?post=7673"}],"curies":[{"name":"wp","href":"https:\/\/api.w.org\/{rel}","templated":true}]}}