{"id":7677,"date":"2025-11-05T12:28:05","date_gmt":"2025-11-05T12:28:05","guid":{"rendered":"https:\/\/valencia.rcater.es\/product\/tapas-griegas-con-tofu-20-uds\/"},"modified":"2025-11-26T10:29:24","modified_gmt":"2025-11-26T10:29:24","slug":"tapas-griegas-con-tofu-20-uds","status":"publish","type":"product","link":"https:\/\/valencia.rcater.es\/en\/product\/tapas-griegas-con-tofu-20-uds\/","title":{"rendered":"Tapas Griegas con Tofu (20 uds)"},"content":{"rendered":"<p>Tapas estilo griego con tofu: opci\u00f3n 100% vegetal, fresca y ligera para c\u00f3cteles, recepciones y bandejas de picoteo en Valencia.<\/p>\n<p>Elaboradas a diario en el obrador de Real Catering Valencia con ingredientes seleccionados.<\/p>\n<h4>Incluye<\/h4>\n<ul>\n<li>Queso tofu (aderezado con hierbas provenzales).<\/li>\n<li>Pepino fresco.<\/li>\n<li>Pimiento (tipo pimiento morr\u00f3n).<\/li>\n<li>Tomates cherry.<\/li>\n<li>Aceitunas.<\/li>\n<li>Salsa de lim\u00f3n (AOVE, zumo de lim\u00f3n, especias).<\/li>\n<\/ul>\n<p class=\"legal\">Al\u00e9rgenos (UE 1169\/2011): soja (tofu). Puede contener trazas de gluten, frutos secos, s\u00e9samo, huevo y leche.<\/p>","protected":false},"excerpt":{"rendered":"<p>Tapas estilo griego con tofu: opci\u00f3n 100% vegetal, fresca y ligera para c\u00f3cteles, recepciones y bandejas de picoteo en . Elaboradas a diario en el obrador de Real Catering con ingredientes seleccionados. Incluye Queso tofu (aderezado con hierbas provenzales). Pepino fresco. Pimiento (tipo pimiento morr\u00f3n). Tomates cherry. Aceitunas. Salsa de lim\u00f3n (AOVE, zumo de lim\u00f3n, [&hellip;]<\/p>","protected":false},"featured_media":7680,"template":"","meta":{"site-sidebar-layout":"default","site-content-layout":"","ast-site-content-layout":"default","site-content-style":"default","site-sidebar-style":"default","ast-global-header-display":"","ast-banner-title-visibility":"","ast-main-header-display":"","ast-hfb-above-header-display":"","ast-hfb-below-header-display":"","ast-hfb-mobile-header-display":"","site-post-title":"","ast-breadcrumbs-content":"","ast-featured-img":"","footer-sml-layout":"","theme-transparent-header-meta":"default","adv-header-id-meta":"","stick-header-meta":"","header-above-stick-meta":"","header-main-stick-meta":"","header-below-stick-meta":"","astra-migrate-meta-layouts":"set","ast-page-background-enabled":"default","ast-page-background-meta":{"desktop":{"background-color":"","background-image":"","background-repeat":"repeat","background-position":"center center","background-size":"auto","background-attachment":"scroll","background-type":"","background-media":"","overlay-type":"","overlay-color":"","overlay-opacity":"","overlay-gradient":""},"tablet":{"background-color":"","background-image":"","background-repeat":"repeat","background-position":"center center","background-size":"auto","background-attachment":"scroll","background-type":"","background-media":"","overlay-type":"","overlay-color":"","overlay-opacity":"","overlay-gradient":""},"mobile":{"background-color":"","background-image":"","background-repeat":"repeat","background-position":"center center","background-size":"auto","background-attachment":"scroll","background-type":"","background-media":"","overlay-type":"","overlay-color":"","overlay-opacity":"","overlay-gradient":""}},"ast-content-background-meta":{"desktop":{"background-color":"var(--ast-global-color-5)","background-image":"","background-repeat":"repeat","background-position":"center center","background-size":"auto","background-attachment":"scroll","background-type":"","background-media":"","overlay-type":"","overlay-color":"","overlay-opacity":"","overlay-gradient":""},"tablet":{"background-color":"var(--ast-global-color-5)","background-image":"","background-repeat":"repeat","background-position":"center center","background-size":"auto","background-attachment":"scroll","background-type":"","background-media":"","overlay-type":"","overlay-color":"","overlay-opacity":"","overlay-gradient":""},"mobile":{"background-color":"var(--ast-global-color-5)","background-image":"","background-repeat":"repeat","background-position":"center center","background-size":"auto","background-attachment":"scroll","background-type":"","background-media":"","overlay-type":"","overlay-color":"","overlay-opacity":"","overlay-gradient":""}}},"product_brand":[],"product_cat":[378],"product_tag":[350,345,351,346,358,347,349,359,108,356,348],"class_list":{"0":"post-7677","1":"product","2":"type-product","3":"status-publish","4":"has-post-thumbnail","6":"product_cat-bandejas-gourmet-aperitivos-bonitos","7":"product_tag-aperitivo","8":"product_tag-bandeja","9":"product_tag-bocados","10":"product_tag-catering","11":"product_tag-griega","12":"product_tag-real-catering-madrid","13":"product_tag-tapas","14":"product_tag-tofu","15":"product_tag-vegano","16":"product_tag-vegetal","17":"product_tag-xeo","18":"desktop-align-left","19":"tablet-align-left","20":"mobile-align-left","22":"first","23":"instock","24":"purchasable","25":"product-type-simple"},"_links":{"self":[{"href":"https:\/\/valencia.rcater.es\/en\/wp-json\/wp\/v2\/product\/7677","targetHints":{"allow":["GET"]}}],"collection":[{"href":"https:\/\/valencia.rcater.es\/en\/wp-json\/wp\/v2\/product"}],"about":[{"href":"https:\/\/valencia.rcater.es\/en\/wp-json\/wp\/v2\/types\/product"}],"version-history":[{"count":2,"href":"https:\/\/valencia.rcater.es\/en\/wp-json\/wp\/v2\/product\/7677\/revisions"}],"predecessor-version":[{"id":7679,"href":"https:\/\/valencia.rcater.es\/en\/wp-json\/wp\/v2\/product\/7677\/revisions\/7679"}],"wp:featuredmedia":[{"embeddable":true,"href":"https:\/\/valencia.rcater.es\/en\/wp-json\/wp\/v2\/media\/7680"}],"wp:attachment":[{"href":"https:\/\/valencia.rcater.es\/en\/wp-json\/wp\/v2\/media?parent=7677"}],"wp:term":[{"taxonomy":"product_brand","embeddable":true,"href":"https:\/\/valencia.rcater.es\/en\/wp-json\/wp\/v2\/product_brand?post=7677"},{"taxonomy":"product_cat","embeddable":true,"href":"https:\/\/valencia.rcater.es\/en\/wp-json\/wp\/v2\/product_cat?post=7677"},{"taxonomy":"product_tag","embeddable":true,"href":"https:\/\/valencia.rcater.es\/en\/wp-json\/wp\/v2\/product_tag?post=7677"}],"curies":[{"name":"wp","href":"https:\/\/api.w.org\/{rel}","templated":true}]}}