{"id":8225,"date":"2025-11-28T14:11:45","date_gmt":"2025-11-28T14:11:45","guid":{"rendered":"https:\/\/valencia.rcater.es\/?post_type=product&#038;p=8225"},"modified":"2025-11-28T14:19:03","modified_gmt":"2025-11-28T14:19:03","slug":"mini-fideua-marinera-formato-coctel-90-g","status":"publish","type":"product","link":"https:\/\/valencia.rcater.es\/en\/product\/mini-fideua-marinera-formato-coctel-90-g\/","title":{"rendered":"Mini fideu\u00e0 marinera formato c\u00f3ctel (90 g)"},"content":{"rendered":"<p data-start=\"8742\" data-end=\"8886\">La Mini Fideu\u00e0 Marinera concentra todo el sabor del plato en unos 90 g dentro de un vasito de c\u00f3ctel c\u00f3modo de sujetar con una mano.<\/p>\n<p data-start=\"8888\" data-end=\"8915\">C\u00f3mo funciona en un evento:<\/p>\n<ul data-start=\"8917\" data-end=\"9193\">\n<li data-start=\"8917\" data-end=\"8966\">\n<p data-start=\"8919\" data-end=\"8966\">la fideu\u00e0 llega en gastronorms, \u00abcasi lista\u00bb,<\/p>\n<\/li>\n<li data-start=\"8967\" data-end=\"9054\">\n<p data-start=\"8969\" data-end=\"9054\">en la cocina del espacio o en nuestro punto caliente la llevamos al punto perfecto,<\/p>\n<\/li>\n<li data-start=\"9055\" data-end=\"9112\">\n<p data-start=\"9057\" data-end=\"9112\">la servimos r\u00e1pidamente en vasitos de c\u00f3ctel de 90 g,<\/p>\n<\/li>\n<li data-start=\"9113\" data-end=\"9193\">\n<p data-start=\"9115\" data-end=\"9193\">coronamos con una gamba o un trocito de marisco y un toque de hierba fresca.<\/p>\n<\/li>\n<\/ul>\n<p data-start=\"9195\" data-end=\"9373\">El invitado no recibe \u00abuna tapa cualquiera\u00bb, sino un plato muy valenciano en formato c\u00f3ctel: puede seguir charlando, con la copa en una mano y la mini fideu\u00e0 caliente en la otra.<\/p>","protected":false},"excerpt":{"rendered":"<p>Mini raci\u00f3n de fideu\u00e0 marinera en vaso de c\u00f3ctel de 90 g: dos o tres bocados de mar, pensados para comer de pie con un tenedor peque\u00f1o. Se termina de calentar en el espacio y se sirve caliente, no como tapa fr\u00eda.<\/p>","protected":false},"featured_media":8227,"template":"","meta":{"site-sidebar-layout":"default","site-content-layout":"","ast-site-content-layout":"default","site-content-style":"default","site-sidebar-style":"default","ast-global-header-display":"","ast-banner-title-visibility":"","ast-main-header-display":"","ast-hfb-above-header-display":"","ast-hfb-below-header-display":"","ast-hfb-mobile-header-display":"","site-post-title":"","ast-breadcrumbs-content":"","ast-featured-img":"","footer-sml-layout":"","theme-transparent-header-meta":"default","adv-header-id-meta":"","stick-header-meta":"","header-above-stick-meta":"","header-main-stick-meta":"","header-below-stick-meta":"","astra-migrate-meta-layouts":"set","ast-page-background-enabled":"default","ast-page-background-meta":{"desktop":{"background-color":"","background-image":"","background-repeat":"repeat","background-position":"center center","background-size":"auto","background-attachment":"scroll","background-type":"","background-media":"","overlay-type":"","overlay-color":"","overlay-opacity":"","overlay-gradient":""},"tablet":{"background-color":"","background-image":"","background-repeat":"repeat","background-position":"center center","background-size":"auto","background-attachment":"scroll","background-type":"","background-media":"","overlay-type":"","overlay-color":"","overlay-opacity":"","overlay-gradient":""},"mobile":{"background-color":"","background-image":"","background-repeat":"repeat","background-position":"center center","background-size":"auto","background-attachment":"scroll","background-type":"","background-media":"","overlay-type":"","overlay-color":"","overlay-opacity":"","overlay-gradient":""}},"ast-content-background-meta":{"desktop":{"background-color":"var(--ast-global-color-5)","background-image":"","background-repeat":"repeat","background-position":"center center","background-size":"auto","background-attachment":"scroll","background-type":"","background-media":"","overlay-type":"","overlay-color":"","overlay-opacity":"","overlay-gradient":""},"tablet":{"background-color":"var(--ast-global-color-5)","background-image":"","background-repeat":"repeat","background-position":"center center","background-size":"auto","background-attachment":"scroll","background-type":"","background-media":"","overlay-type":"","overlay-color":"","overlay-opacity":"","overlay-gradient":""},"mobile":{"background-color":"var(--ast-global-color-5)","background-image":"","background-repeat":"repeat","background-position":"center center","background-size":"auto","background-attachment":"scroll","background-type":"","background-media":"","overlay-type":"","overlay-color":"","overlay-opacity":"","overlay-gradient":""}}},"product_brand":[],"product_cat":[380],"product_tag":[],"class_list":{"0":"post-8225","1":"product","2":"type-product","3":"status-publish","4":"has-post-thumbnail","6":"product_cat-platos-preparados-comida-casera","7":"desktop-align-left","8":"tablet-align-left","9":"mobile-align-left","11":"first","12":"instock","13":"taxable","14":"shipping-taxable","15":"purchasable","16":"product-type-simple"},"_links":{"self":[{"href":"https:\/\/valencia.rcater.es\/en\/wp-json\/wp\/v2\/product\/8225","targetHints":{"allow":["GET"]}}],"collection":[{"href":"https:\/\/valencia.rcater.es\/en\/wp-json\/wp\/v2\/product"}],"about":[{"href":"https:\/\/valencia.rcater.es\/en\/wp-json\/wp\/v2\/types\/product"}],"version-history":[{"count":1,"href":"https:\/\/valencia.rcater.es\/en\/wp-json\/wp\/v2\/product\/8225\/revisions"}],"predecessor-version":[{"id":8226,"href":"https:\/\/valencia.rcater.es\/en\/wp-json\/wp\/v2\/product\/8225\/revisions\/8226"}],"wp:featuredmedia":[{"embeddable":true,"href":"https:\/\/valencia.rcater.es\/en\/wp-json\/wp\/v2\/media\/8227"}],"wp:attachment":[{"href":"https:\/\/valencia.rcater.es\/en\/wp-json\/wp\/v2\/media?parent=8225"}],"wp:term":[{"taxonomy":"product_brand","embeddable":true,"href":"https:\/\/valencia.rcater.es\/en\/wp-json\/wp\/v2\/product_brand?post=8225"},{"taxonomy":"product_cat","embeddable":true,"href":"https:\/\/valencia.rcater.es\/en\/wp-json\/wp\/v2\/product_cat?post=8225"},{"taxonomy":"product_tag","embeddable":true,"href":"https:\/\/valencia.rcater.es\/en\/wp-json\/wp\/v2\/product_tag?post=8225"}],"curies":[{"name":"wp","href":"https:\/\/api.w.org\/{rel}","templated":true}]}}