{"id":8245,"date":"2025-11-29T08:26:11","date_gmt":"2025-11-29T08:26:11","guid":{"rendered":"https:\/\/valencia.rcater.es\/?post_type=product&#038;p=8245"},"modified":"2025-11-29T08:36:10","modified_gmt":"2025-11-29T08:36:10","slug":"surtido-de-tapas-valencia","status":"publish","type":"product","link":"https:\/\/valencia.rcater.es\/en\/product\/surtido-de-tapas-valencia\/","title":{"rendered":"Surtido de tapas \u00abValencia\u00bb (230 g)"},"content":{"rendered":"<p data-start=\"3026\" data-end=\"3176\">El surtido de tapas \u00abValencia\u00bb es un peque\u00f1o set de degustaci\u00f3n que se coloca en el centro de la mesa y explica a los invitados d\u00f3nde est\u00e1n.<\/p>\n<p data-start=\"3178\" data-end=\"3207\">Composici\u00f3n base por persona:<\/p>\n<ol data-start=\"3209\" data-end=\"3703\">\n<li data-start=\"3209\" data-end=\"3370\">\n<p data-start=\"3212\" data-end=\"3370\"><strong data-start=\"3212\" data-end=\"3233\">Tosta de esgarrat<\/strong><br data-start=\"3233\" data-end=\"3236\" \/>Pan tostado, pimiento asado, bacalao desmigado y aceite de oliva. El cl\u00e1sico \u00abesgarrat\u00bb valenciano en formato tosta f\u00e1cil de comer.<\/p>\n<\/li>\n<li data-start=\"3372\" data-end=\"3518\">\n<p data-start=\"3375\" data-end=\"3518\"><strong data-start=\"3375\" data-end=\"3393\">Higo con jam\u00f3n<\/strong><br data-start=\"3393\" data-end=\"3396\" \/>Media o un cuarto de higo (seg\u00fan tama\u00f1o y temporada) con una loncha de jam\u00f3n y un toque de bals\u00e1mico o aceite de oliva.<\/p>\n<\/li>\n<li data-start=\"3520\" data-end=\"3703\">\n<p data-start=\"3523\" data-end=\"3703\"><strong data-start=\"3523\" data-end=\"3540\">Tapa templada<\/strong><br data-start=\"3540\" data-end=\"3543\" \/>Una peque\u00f1a raci\u00f3n de patata o verdura templada (seg\u00fan temporada): mini Patatas Fiestas o tapa de verduras asadas. Aporta algo caliente al set, no s\u00f3lo fr\u00edo.<\/p>\n<\/li>\n<\/ol>\n<p data-start=\"3705\" data-end=\"3725\">El objetivo del box:<\/p>\n<ul data-start=\"3727\" data-end=\"4012\">\n<li data-start=\"3727\" data-end=\"3846\">\n<p data-start=\"3729\" data-end=\"3846\">cubrir <strong data-start=\"3736\" data-end=\"3756\">tres sensaciones<\/strong>: mar (bacalao), huerta (higo), algo templado y muy f\u00e1cil de entender (patata\/verduras);<\/p>\n<\/li>\n<li data-start=\"3847\" data-end=\"3901\">\n<p data-start=\"3849\" data-end=\"3901\">verse bien en foto (colores y texturas distintas);<\/p>\n<\/li>\n<li data-start=\"3902\" data-end=\"4012\">\n<p data-start=\"3904\" data-end=\"4012\">viajar bien en delivery: pan crujiente, esgarrat sin exceso de l\u00edquido y parte caliente f\u00e1cil de recalentar.<\/p>\n<\/li>\n<\/ul>\n<p data-start=\"4014\" data-end=\"4023\">Se puede:<\/p>\n<ul data-start=\"4025\" data-end=\"4213\">\n<li data-start=\"4025\" data-end=\"4076\">\n<p data-start=\"4027\" data-end=\"4076\">pedir <strong data-start=\"4033\" data-end=\"4046\">para casa<\/strong> como picoteo con vino\/cena,<\/p>\n<\/li>\n<li data-start=\"4077\" data-end=\"4149\">\n<p data-start=\"4079\" data-end=\"4149\">usar en <strong data-start=\"4087\" data-end=\"4101\">la oficina<\/strong> como \u00abwelcome-set\u00bb antes del plato principal,<\/p>\n<\/li>\n<li data-start=\"4150\" data-end=\"4213\">\n<p data-start=\"4152\" data-end=\"4213\">integrar en un <strong data-start=\"4167\" data-end=\"4179\">catering<\/strong> junto a paella, fideu\u00e0 y postres.<\/p>\n<\/li>\n<\/ul>","protected":false},"excerpt":{"rendered":"<p>Surtido de tres tapas al estilo valenciano: tosta de esgarrat (pimiento asado con bacalao), higo con jam\u00f3n y una tapa templada (patata\/verduras). Una caja lista para poner en la mesa y dejar claro que est\u00e1s en Valencia, no en una \u00abEspa\u00f1a gen\u00e9rica\u00bb.<\/p>","protected":false},"featured_media":8249,"template":"","meta":{"site-sidebar-layout":"default","site-content-layout":"","ast-site-content-layout":"default","site-content-style":"default","site-sidebar-style":"default","ast-global-header-display":"","ast-banner-title-visibility":"","ast-main-header-display":"","ast-hfb-above-header-display":"","ast-hfb-below-header-display":"","ast-hfb-mobile-header-display":"","site-post-title":"","ast-breadcrumbs-content":"","ast-featured-img":"","footer-sml-layout":"","theme-transparent-header-meta":"default","adv-header-id-meta":"","stick-header-meta":"","header-above-stick-meta":"","header-main-stick-meta":"","header-below-stick-meta":"","astra-migrate-meta-layouts":"set","ast-page-background-enabled":"default","ast-page-background-meta":{"desktop":{"background-color":"","background-image":"","background-repeat":"repeat","background-position":"center center","background-size":"auto","background-attachment":"scroll","background-type":"","background-media":"","overlay-type":"","overlay-color":"","overlay-opacity":"","overlay-gradient":""},"tablet":{"background-color":"","background-image":"","background-repeat":"repeat","background-position":"center center","background-size":"auto","background-attachment":"scroll","background-type":"","background-media":"","overlay-type":"","overlay-color":"","overlay-opacity":"","overlay-gradient":""},"mobile":{"background-color":"","background-image":"","background-repeat":"repeat","background-position":"center center","background-size":"auto","background-attachment":"scroll","background-type":"","background-media":"","overlay-type":"","overlay-color":"","overlay-opacity":"","overlay-gradient":""}},"ast-content-background-meta":{"desktop":{"background-color":"var(--ast-global-color-5)","background-image":"","background-repeat":"repeat","background-position":"center center","background-size":"auto","background-attachment":"scroll","background-type":"","background-media":"","overlay-type":"","overlay-color":"","overlay-opacity":"","overlay-gradient":""},"tablet":{"background-color":"var(--ast-global-color-5)","background-image":"","background-repeat":"repeat","background-position":"center center","background-size":"auto","background-attachment":"scroll","background-type":"","background-media":"","overlay-type":"","overlay-color":"","overlay-opacity":"","overlay-gradient":""},"mobile":{"background-color":"var(--ast-global-color-5)","background-image":"","background-repeat":"repeat","background-position":"center center","background-size":"auto","background-attachment":"scroll","background-type":"","background-media":"","overlay-type":"","overlay-color":"","overlay-opacity":"","overlay-gradient":""}}},"product_brand":[],"product_cat":[379,325],"product_tag":[],"class_list":{"0":"post-8245","1":"product","2":"type-product","3":"status-publish","4":"has-post-thumbnail","6":"product_cat-crea-tu-caja-para-comer-por-unidades","7":"product_cat-bocadillos-sandwiches","8":"desktop-align-left","9":"tablet-align-left","10":"mobile-align-left","12":"first","13":"instock","14":"taxable","15":"shipping-taxable","16":"purchasable","17":"product-type-simple"},"_links":{"self":[{"href":"https:\/\/valencia.rcater.es\/en\/wp-json\/wp\/v2\/product\/8245","targetHints":{"allow":["GET"]}}],"collection":[{"href":"https:\/\/valencia.rcater.es\/en\/wp-json\/wp\/v2\/product"}],"about":[{"href":"https:\/\/valencia.rcater.es\/en\/wp-json\/wp\/v2\/types\/product"}],"version-history":[{"count":3,"href":"https:\/\/valencia.rcater.es\/en\/wp-json\/wp\/v2\/product\/8245\/revisions"}],"predecessor-version":[{"id":8248,"href":"https:\/\/valencia.rcater.es\/en\/wp-json\/wp\/v2\/product\/8245\/revisions\/8248"}],"wp:featuredmedia":[{"embeddable":true,"href":"https:\/\/valencia.rcater.es\/en\/wp-json\/wp\/v2\/media\/8249"}],"wp:attachment":[{"href":"https:\/\/valencia.rcater.es\/en\/wp-json\/wp\/v2\/media?parent=8245"}],"wp:term":[{"taxonomy":"product_brand","embeddable":true,"href":"https:\/\/valencia.rcater.es\/en\/wp-json\/wp\/v2\/product_brand?post=8245"},{"taxonomy":"product_cat","embeddable":true,"href":"https:\/\/valencia.rcater.es\/en\/wp-json\/wp\/v2\/product_cat?post=8245"},{"taxonomy":"product_tag","embeddable":true,"href":"https:\/\/valencia.rcater.es\/en\/wp-json\/wp\/v2\/product_tag?post=8245"}],"curies":[{"name":"wp","href":"https:\/\/api.w.org\/{rel}","templated":true}]}}